{"id":25,"date":"2024-10-16T12:59:19","date_gmt":"2024-10-16T15:59:19","guid":{"rendered":"http:\/\/ltcgroup1.hospedagemdesites.ws\/?page_id=25"},"modified":"2024-12-09T11:03:31","modified_gmt":"2024-12-09T14:03:31","slug":"servicos-e-assessorias-da-area-juridica","status":"publish","type":"page","link":"https:\/\/ltcgroup.com.br\/en\/servicos-e-assessorias-da-area-juridica\/","title":{"rendered":"Legal Services and Advice"},"content":{"rendered":"<div data-elementor-type=\"wp-page\" data-elementor-id=\"25\" class=\"elementor elementor-25\" data-elementor-post-type=\"page\">\n\t\t\t\t<div class=\"elementor-element elementor-element-7fd1815 e-flex e-con-boxed e-con e-parent\" data-id=\"7fd1815\" data-element_type=\"container\" data-e-type=\"container\" data-settings=\"{&quot;background_background&quot;:&quot;classic&quot;}\">\n\t\t\t\t\t<div class=\"e-con-inner\">\n\t\t<div class=\"elementor-element elementor-element-3ef264e e-con-full e-flex e-con e-child\" data-id=\"3ef264e\" data-element_type=\"container\" data-e-type=\"container\" data-settings=\"{&quot;background_background&quot;:&quot;classic&quot;}\">\n\t\t\t\t<div class=\"elementor-element elementor-element-3047475 elementor-widget elementor-widget-text-editor\" data-id=\"3047475\" data-element_type=\"widget\" data-e-type=\"widget\" data-widget_type=\"text-editor.default\">\n\t\t\t\t<div class=\"elementor-widget-container\">\n\t\t\t\t\t\t\t\t\t<p class=\"translation-block\"><strong>LTC International Business Solution<\/strong> has a legal department dedicated to addressing the varied demands of our clients, both nationally and internationally. The global expansion of businesses requires comprehensive and agile legal support, especially when dealing with offshore structures.<\/p><p class=\"translation-block\">The legal team at <strong>LTC<\/strong> is prepared to offer essential services, including the nationalization of companies (with sworn translation, apostille, and issuance of foreign CNPJ), production of resolutions and minutes for capital reduction and contributions, drafting of wills, inventories, among others. In the Brazilian context, we have a specialized team for drafting and amending contracts, as well as for the donation and transfer of assets, in addition to legal representation and issuance of Digital Certificates. In the area of tax planning, we provide guidance and consulting to develop the most effective strategies tailored to each client's specific needs.<\/p><p class=\"translation-block\"><strong>LTC<\/strong> values effective and personalized legal advisory. Therefore, our legal team is always available to closely monitor the needs of our clients. We are here to guide you through every step.<\/p>\t\t\t\t\t\t\t\t<\/div>\n\t\t\t\t<\/div>\n\t\t\t\t<\/div>\n\t\t\t\t\t<\/div>\n\t\t\t\t<\/div>\n\t\t<div class=\"elementor-element elementor-element-8efb899 e-flex e-con-boxed e-con e-parent\" data-id=\"8efb899\" data-element_type=\"container\" data-e-type=\"container\">\n\t\t\t\t\t<div class=\"e-con-inner\">\n\t\t<div class=\"elementor-element elementor-element-6649553 e-con-full e-flex e-con e-child\" data-id=\"6649553\" data-element_type=\"container\" data-e-type=\"container\">\n\t\t\t\t<div class=\"elementor-element elementor-element-c95e592 elementor-widget elementor-widget-heading\" data-id=\"c95e592\" data-element_type=\"widget\" data-e-type=\"widget\" data-widget_type=\"heading.default\">\n\t\t\t\t<div class=\"elementor-widget-container\">\n\t\t\t\t\t<h1 class=\"elementor-heading-title elementor-size-default\">SERVICES AND ADVISORY IN THE AREA\nLEGAL<\/h1>\t\t\t\t<\/div>\n\t\t\t\t<\/div>\n\t\t\t\t<\/div>\n\t\t<div class=\"elementor-element elementor-element-dc280e6 e-con-full e-flex e-con e-child\" data-id=\"dc280e6\" data-element_type=\"container\" data-e-type=\"container\">\n\t\t\t\t<div class=\"elementor-element elementor-element-7e643d4 elementor-icon-list--layout-traditional elementor-list-item-link-full_width elementor-widget elementor-widget-icon-list\" data-id=\"7e643d4\" data-element_type=\"widget\" data-e-type=\"widget\" data-widget_type=\"icon-list.default\">\n\t\t\t\t<div class=\"elementor-widget-container\">\n\t\t\t\t\t\t\t<ul class=\"elementor-icon-list-items\">\n\t\t\t\t\t\t\t<li class=\"elementor-icon-list-item\">\n\t\t\t\t\t\t\t\t\t\t\t<span class=\"elementor-icon-list-icon\">\n\t\t\t\t\t\t\t<svg xmlns=\"http:\/\/www.w3.org\/2000\/svg\" id=\"Layer_1\" viewbox=\"0 0 104.1 152.3\"><defs><style> .st0 { fill: #00071b; } <\/style><\/defs><path class=\"st0\" d=\"M87.7,117l16.4-16.4v-11.6l-19.9,19.9,3.6,8.1ZM31.1,0v23l31.6,71.5-3.4,3.3-28.2-63.8v19.5l22.3,50.3-3.4,3.4-18.9-42.7v23l11.8,26.7L0,152.3s51.3-28.7,70.1-27.6c5.2.3,9.4,4.2,9.4,9.4s-.4,3.1-1.1,4.4c.7-.2,5.5-2.1,7-5.5,2.6-5.9-2.9-16.3-3.3-17.6C81.8,114.5,45.1,31.6,31.1,0M73.2,84l3.6,8.1,27.4-27.4v-11.6l-30.9,31h0ZM82.2,104.5l21.9-21.9v-11.6l-25.4,25.4,3.6,8.1h0Z\"><\/path><\/svg>\t\t\t\t\t\t<\/span>\n\t\t\t\t\t\t\t\t\t\t<span class=\"elementor-icon-list-text\">Nationalization of companies<\/span>\n\t\t\t\t\t\t\t\t\t<\/li>\n\t\t\t\t\t\t\t\t<li class=\"elementor-icon-list-item\">\n\t\t\t\t\t\t\t\t\t\t\t<span class=\"elementor-icon-list-icon\">\n\t\t\t\t\t\t\t<svg xmlns=\"http:\/\/www.w3.org\/2000\/svg\" id=\"Layer_1\" viewbox=\"0 0 104.1 152.3\"><defs><style> .st0 { fill: #00071b; } <\/style><\/defs><path class=\"st0\" d=\"M87.7,117l16.4-16.4v-11.6l-19.9,19.9,3.6,8.1ZM31.1,0v23l31.6,71.5-3.4,3.3-28.2-63.8v19.5l22.3,50.3-3.4,3.4-18.9-42.7v23l11.8,26.7L0,152.3s51.3-28.7,70.1-27.6c5.2.3,9.4,4.2,9.4,9.4s-.4,3.1-1.1,4.4c.7-.2,5.5-2.1,7-5.5,2.6-5.9-2.9-16.3-3.3-17.6C81.8,114.5,45.1,31.6,31.1,0M73.2,84l3.6,8.1,27.4-27.4v-11.6l-30.9,31h0ZM82.2,104.5l21.9-21.9v-11.6l-25.4,25.4,3.6,8.1h0Z\"><\/path><\/svg>\t\t\t\t\t\t<\/span>\n\t\t\t\t\t\t\t\t\t\t<span class=\"elementor-icon-list-text\">Opening of Brazilian companies and holdings<\/span>\n\t\t\t\t\t\t\t\t\t<\/li>\n\t\t\t\t\t\t\t\t<li class=\"elementor-icon-list-item\">\n\t\t\t\t\t\t\t\t\t\t\t<span class=\"elementor-icon-list-icon\">\n\t\t\t\t\t\t\t<svg xmlns=\"http:\/\/www.w3.org\/2000\/svg\" id=\"Layer_1\" viewbox=\"0 0 104.1 152.3\"><defs><style> .st0 { fill: #00071b; } <\/style><\/defs><path class=\"st0\" d=\"M87.7,117l16.4-16.4v-11.6l-19.9,19.9,3.6,8.1ZM31.1,0v23l31.6,71.5-3.4,3.3-28.2-63.8v19.5l22.3,50.3-3.4,3.4-18.9-42.7v23l11.8,26.7L0,152.3s51.3-28.7,70.1-27.6c5.2.3,9.4,4.2,9.4,9.4s-.4,3.1-1.1,4.4c.7-.2,5.5-2.1,7-5.5,2.6-5.9-2.9-16.3-3.3-17.6C81.8,114.5,45.1,31.6,31.1,0M73.2,84l3.6,8.1,27.4-27.4v-11.6l-30.9,31h0ZM82.2,104.5l21.9-21.9v-11.6l-25.4,25.4,3.6,8.1h0Z\"><\/path><\/svg>\t\t\t\t\t\t<\/span>\n\t\t\t\t\t\t\t\t\t\t<span class=\"elementor-icon-list-text\">Compliance (contractual, PF and PJ)<\/span>\n\t\t\t\t\t\t\t\t\t<\/li>\n\t\t\t\t\t\t\t\t<li class=\"elementor-icon-list-item\">\n\t\t\t\t\t\t\t\t\t\t\t<span class=\"elementor-icon-list-icon\">\n\t\t\t\t\t\t\t<svg xmlns=\"http:\/\/www.w3.org\/2000\/svg\" id=\"Layer_1\" viewbox=\"0 0 104.1 152.3\"><defs><style> .st0 { fill: #00071b; } <\/style><\/defs><path class=\"st0\" d=\"M87.7,117l16.4-16.4v-11.6l-19.9,19.9,3.6,8.1ZM31.1,0v23l31.6,71.5-3.4,3.3-28.2-63.8v19.5l22.3,50.3-3.4,3.4-18.9-42.7v23l11.8,26.7L0,152.3s51.3-28.7,70.1-27.6c5.2.3,9.4,4.2,9.4,9.4s-.4,3.1-1.1,4.4c.7-.2,5.5-2.1,7-5.5,2.6-5.9-2.9-16.3-3.3-17.6C81.8,114.5,45.1,31.6,31.1,0M73.2,84l3.6,8.1,27.4-27.4v-11.6l-30.9,31h0ZM82.2,104.5l21.9-21.9v-11.6l-25.4,25.4,3.6,8.1h0Z\"><\/path><\/svg>\t\t\t\t\t\t<\/span>\n\t\t\t\t\t\t\t\t\t\t<span class=\"elementor-icon-list-text\">Tax Consulting<\/span>\n\t\t\t\t\t\t\t\t\t<\/li>\n\t\t\t\t\t\t\t\t<li class=\"elementor-icon-list-item\">\n\t\t\t\t\t\t\t\t\t\t\t<span class=\"elementor-icon-list-icon\">\n\t\t\t\t\t\t\t<svg xmlns=\"http:\/\/www.w3.org\/2000\/svg\" id=\"Layer_1\" viewbox=\"0 0 104.1 152.3\"><defs><style> .st0 { fill: #00071b; } <\/style><\/defs><path class=\"st0\" d=\"M87.7,117l16.4-16.4v-11.6l-19.9,19.9,3.6,8.1ZM31.1,0v23l31.6,71.5-3.4,3.3-28.2-63.8v19.5l22.3,50.3-3.4,3.4-18.9-42.7v23l11.8,26.7L0,152.3s51.3-28.7,70.1-27.6c5.2.3,9.4,4.2,9.4,9.4s-.4,3.1-1.1,4.4c.7-.2,5.5-2.1,7-5.5,2.6-5.9-2.9-16.3-3.3-17.6C81.8,114.5,45.1,31.6,31.1,0M73.2,84l3.6,8.1,27.4-27.4v-11.6l-30.9,31h0ZM82.2,104.5l21.9-21.9v-11.6l-25.4,25.4,3.6,8.1h0Z\"><\/path><\/svg>\t\t\t\t\t\t<\/span>\n\t\t\t\t\t\t\t\t\t\t<span class=\"elementor-icon-list-text\">Preparation of minutes<\/span>\n\t\t\t\t\t\t\t\t\t<\/li>\n\t\t\t\t\t\t\t\t<li class=\"elementor-icon-list-item\">\n\t\t\t\t\t\t\t\t\t\t\t<span class=\"elementor-icon-list-icon\">\n\t\t\t\t\t\t\t<svg xmlns=\"http:\/\/www.w3.org\/2000\/svg\" id=\"Layer_1\" viewbox=\"0 0 104.1 152.3\"><defs><style> .st0 { fill: #00071b; } <\/style><\/defs><path class=\"st0\" d=\"M87.7,117l16.4-16.4v-11.6l-19.9,19.9,3.6,8.1ZM31.1,0v23l31.6,71.5-3.4,3.3-28.2-63.8v19.5l22.3,50.3-3.4,3.4-18.9-42.7v23l11.8,26.7L0,152.3s51.3-28.7,70.1-27.6c5.2.3,9.4,4.2,9.4,9.4s-.4,3.1-1.1,4.4c.7-.2,5.5-2.1,7-5.5,2.6-5.9-2.9-16.3-3.3-17.6C81.8,114.5,45.1,31.6,31.1,0M73.2,84l3.6,8.1,27.4-27.4v-11.6l-30.9,31h0ZM82.2,104.5l21.9-21.9v-11.6l-25.4,25.4,3.6,8.1h0Z\"><\/path><\/svg>\t\t\t\t\t\t<\/span>\n\t\t\t\t\t\t\t\t\t\t<span class=\"elementor-icon-list-text\">Wills<\/span>\n\t\t\t\t\t\t\t\t\t<\/li>\n\t\t\t\t\t\t\t\t<li class=\"elementor-icon-list-item\">\n\t\t\t\t\t\t\t\t\t\t\t<span class=\"elementor-icon-list-icon\">\n\t\t\t\t\t\t\t<svg xmlns=\"http:\/\/www.w3.org\/2000\/svg\" id=\"Layer_1\" viewbox=\"0 0 104.1 152.3\"><defs><style> .st0 { fill: #00071b; } <\/style><\/defs><path class=\"st0\" d=\"M87.7,117l16.4-16.4v-11.6l-19.9,19.9,3.6,8.1ZM31.1,0v23l31.6,71.5-3.4,3.3-28.2-63.8v19.5l22.3,50.3-3.4,3.4-18.9-42.7v23l11.8,26.7L0,152.3s51.3-28.7,70.1-27.6c5.2.3,9.4,4.2,9.4,9.4s-.4,3.1-1.1,4.4c.7-.2,5.5-2.1,7-5.5,2.6-5.9-2.9-16.3-3.3-17.6C81.8,114.5,45.1,31.6,31.1,0M73.2,84l3.6,8.1,27.4-27.4v-11.6l-30.9,31h0ZM82.2,104.5l21.9-21.9v-11.6l-25.4,25.4,3.6,8.1h0Z\"><\/path><\/svg>\t\t\t\t\t\t<\/span>\n\t\t\t\t\t\t\t\t\t\t<span class=\"elementor-icon-list-text\">Inventories (Brazil and abroad)<\/span>\n\t\t\t\t\t\t\t\t\t<\/li>\n\t\t\t\t\t\t\t\t<li class=\"elementor-icon-list-item\">\n\t\t\t\t\t\t\t\t\t\t\t<span class=\"elementor-icon-list-icon\">\n\t\t\t\t\t\t\t<svg xmlns=\"http:\/\/www.w3.org\/2000\/svg\" id=\"Layer_1\" viewbox=\"0 0 104.1 152.3\"><defs><style> .st0 { fill: #00071b; } <\/style><\/defs><path class=\"st0\" d=\"M87.7,117l16.4-16.4v-11.6l-19.9,19.9,3.6,8.1ZM31.1,0v23l31.6,71.5-3.4,3.3-28.2-63.8v19.5l22.3,50.3-3.4,3.4-18.9-42.7v23l11.8,26.7L0,152.3s51.3-28.7,70.1-27.6c5.2.3,9.4,4.2,9.4,9.4s-.4,3.1-1.1,4.4c.7-.2,5.5-2.1,7-5.5,2.6-5.9-2.9-16.3-3.3-17.6C81.8,114.5,45.1,31.6,31.1,0M73.2,84l3.6,8.1,27.4-27.4v-11.6l-30.9,31h0ZM82.2,104.5l21.9-21.9v-11.6l-25.4,25.4,3.6,8.1h0Z\"><\/path><\/svg>\t\t\t\t\t\t<\/span>\n\t\t\t\t\t\t\t\t\t\t<span class=\"elementor-icon-list-text\">Drafting and amending contracts<\/span>\n\t\t\t\t\t\t\t\t\t<\/li>\n\t\t\t\t\t\t\t\t<li class=\"elementor-icon-list-item\">\n\t\t\t\t\t\t\t\t\t\t\t<span class=\"elementor-icon-list-icon\">\n\t\t\t\t\t\t\t<svg xmlns=\"http:\/\/www.w3.org\/2000\/svg\" id=\"Layer_1\" viewbox=\"0 0 104.1 152.3\"><defs><style> .st0 { fill: #00071b; } <\/style><\/defs><path class=\"st0\" d=\"M87.7,117l16.4-16.4v-11.6l-19.9,19.9,3.6,8.1ZM31.1,0v23l31.6,71.5-3.4,3.3-28.2-63.8v19.5l22.3,50.3-3.4,3.4-18.9-42.7v23l11.8,26.7L0,152.3s51.3-28.7,70.1-27.6c5.2.3,9.4,4.2,9.4,9.4s-.4,3.1-1.1,4.4c.7-.2,5.5-2.1,7-5.5,2.6-5.9-2.9-16.3-3.3-17.6C81.8,114.5,45.1,31.6,31.1,0M73.2,84l3.6,8.1,27.4-27.4v-11.6l-30.9,31h0ZM82.2,104.5l21.9-21.9v-11.6l-25.4,25.4,3.6,8.1h0Z\"><\/path><\/svg>\t\t\t\t\t\t<\/span>\n\t\t\t\t\t\t\t\t\t\t<span class=\"elementor-icon-list-text\">Legal Representation and Digital Certificate Issuance<\/span>\n\t\t\t\t\t\t\t\t\t<\/li>\n\t\t\t\t\t\t<\/ul>\n\t\t\t\t\t\t<\/div>\n\t\t\t\t<\/div>\n\t\t\t\t<\/div>\n\t\t\t\t\t<\/div>\n\t\t\t\t<\/div>\n\t\t\t\t<\/div>","protected":false},"excerpt":{"rendered":"<p>A LTC International Business Solution disp\u00f5e de um setor jur\u00eddico dedicado a atender \u00e0s variadas demandas de nossos clientes, tanto em \u00e2mbito nacional quanto internacional. A expans\u00e3o de neg\u00f3cios globalmente exige suporte jur\u00eddico abrangente e \u00e1gil, especialmente ao lidar com estruturas offshore. O time jur\u00eddico da LTC est\u00e1 preparado para oferecer servi\u00e7os essenciais, incluindo a [&hellip;]<\/p>\n","protected":false},"author":1,"featured_media":0,"parent":0,"menu_order":0,"comment_status":"closed","ping_status":"closed","template":"elementor_header_footer","meta":{"footnotes":""},"class_list":["post-25","page","type-page","status-publish","hentry"],"_links":{"self":[{"href":"https:\/\/ltcgroup.com.br\/en\/wp-json\/wp\/v2\/pages\/25","targetHints":{"allow":["GET"]}}],"collection":[{"href":"https:\/\/ltcgroup.com.br\/en\/wp-json\/wp\/v2\/pages"}],"about":[{"href":"https:\/\/ltcgroup.com.br\/en\/wp-json\/wp\/v2\/types\/page"}],"author":[{"embeddable":true,"href":"https:\/\/ltcgroup.com.br\/en\/wp-json\/wp\/v2\/users\/1"}],"replies":[{"embeddable":true,"href":"https:\/\/ltcgroup.com.br\/en\/wp-json\/wp\/v2\/comments?post=25"}],"version-history":[{"count":56,"href":"https:\/\/ltcgroup.com.br\/en\/wp-json\/wp\/v2\/pages\/25\/revisions"}],"predecessor-version":[{"id":1495,"href":"https:\/\/ltcgroup.com.br\/en\/wp-json\/wp\/v2\/pages\/25\/revisions\/1495"}],"wp:attachment":[{"href":"https:\/\/ltcgroup.com.br\/en\/wp-json\/wp\/v2\/media?parent=25"}],"curies":[{"name":"wp","href":"https:\/\/api.w.org\/{rel}","templated":true}]}}