{"id":23,"date":"2024-10-16T12:59:08","date_gmt":"2024-10-16T15:59:08","guid":{"rendered":"http:\/\/ltcgroup1.hospedagemdesites.ws\/?page_id=23"},"modified":"2026-02-02T14:06:37","modified_gmt":"2026-02-02T17:06:37","slug":"servicos-e-analises-da-area-contabil","status":"publish","type":"page","link":"https:\/\/ltcgroup.com.br\/en\/servicos-e-analises-da-area-contabil\/","title":{"rendered":"Accounting &amp; Tax Services and Analysis"},"content":{"rendered":"<div data-elementor-type=\"wp-page\" data-elementor-id=\"23\" class=\"elementor elementor-23\" data-elementor-post-type=\"page\">\n\t\t\t\t<div class=\"elementor-element elementor-element-27237d3 e-flex e-con-boxed e-con e-parent\" data-id=\"27237d3\" data-element_type=\"container\" data-e-type=\"container\" data-settings=\"{&quot;background_background&quot;:&quot;classic&quot;}\">\n\t\t\t\t\t<div class=\"e-con-inner\">\n\t\t<div class=\"elementor-element elementor-element-11b9747 e-con-full e-flex e-con e-child\" data-id=\"11b9747\" data-element_type=\"container\" data-e-type=\"container\">\n\t\t\t\t<div class=\"elementor-element elementor-element-4d54b2f elementor-widget elementor-widget-heading\" data-id=\"4d54b2f\" data-element_type=\"widget\" data-e-type=\"widget\" data-widget_type=\"heading.default\">\n\t\t\t\t<div class=\"elementor-widget-container\">\n\t\t\t\t\t<h1 class=\"elementor-heading-title elementor-size-default\">ACCOUNTING &amp; TAX SERVICES AND ANALYSIS<\/h1>\t\t\t\t<\/div>\n\t\t\t\t<\/div>\n\t\t\t\t<\/div>\n\t\t\t\t\t<\/div>\n\t\t\t\t<\/div>\n\t\t<div class=\"elementor-element elementor-element-2a6097d e-flex e-con-boxed e-con e-parent\" data-id=\"2a6097d\" data-element_type=\"container\" data-e-type=\"container\">\n\t\t\t\t\t<div class=\"e-con-inner\">\n\t\t<div class=\"elementor-element elementor-element-4d54d5c e-con-full e-flex e-con e-child\" data-id=\"4d54d5c\" data-element_type=\"container\" data-e-type=\"container\" data-settings=\"{&quot;background_background&quot;:&quot;classic&quot;}\">\n\t\t\t\t<div class=\"elementor-element elementor-element-43d937a elementor-icon-list--layout-traditional elementor-list-item-link-full_width elementor-widget elementor-widget-icon-list\" data-id=\"43d937a\" data-element_type=\"widget\" data-e-type=\"widget\" data-widget_type=\"icon-list.default\">\n\t\t\t\t<div class=\"elementor-widget-container\">\n\t\t\t\t\t\t\t<ul class=\"elementor-icon-list-items\">\n\t\t\t\t\t\t\t<li class=\"elementor-icon-list-item\">\n\t\t\t\t\t\t\t\t\t\t\t<span class=\"elementor-icon-list-icon\">\n\t\t\t\t\t\t\t<svg xmlns=\"http:\/\/www.w3.org\/2000\/svg\" xmlns:xlink=\"http:\/\/www.w3.org\/1999\/xlink\" id=\"Layer_1\" data-name=\"Layer 1\" viewbox=\"0 0 94.97 138.98\"><defs><style>      .cls-1 {        fill: url(#linear-gradient);      }    <\/style><lineargradient id=\"linear-gradient\" x1=\"0\" y1=\"69.49\" x2=\"94.97\" y2=\"69.49\" gradientunits=\"userSpaceOnUse\"><stop offset=\"0\" stop-color=\"#c2922c\"><\/stop><stop offset=\".27\" stop-color=\"#e7cb89\"><\/stop><stop offset=\".49\" stop-color=\"#ffebba\"><\/stop><stop offset=\".75\" stop-color=\"#e7cb89\"><\/stop><stop offset=\"1\" stop-color=\"#c2922c\"><\/stop><\/lineargradient><\/defs><path class=\"cls-1\" d=\"M66.74,76.66l3.26,7.36,24.97-24.98v-10.62l-28.23,28.23ZM80.05,106.71l14.92-14.93v-10.62l-18.18,18.19,3.26,7.36ZM28.38,0v20.99l28.85,65.19-3.1,3.05L28.38,31.03v17.79l20.3,45.9-3.07,3.12-17.24-38.96v20.96l10.78,24.37L0,138.98s46.83-26.15,63.93-25.16c4.75.28,8.62,3.86,8.62,8.62,0,1.43-.35,2.78-.97,3.97.6-.22,5.01-1.92,6.41-5.03,2.41-5.4-2.61-14.87-3.05-16.03-.35-.92-33.81-76.55-46.55-105.34ZM75.03,95.37l19.95-19.95v-10.62s-23.21,23.21-23.21,23.21l3.26,7.36Z\"><\/path><\/svg>\t\t\t\t\t\t<\/span>\n\t\t\t\t\t\t\t\t\t\t<span class=\"elementor-icon-list-text\">Balance Sheet<\/span>\n\t\t\t\t\t\t\t\t\t<\/li>\n\t\t\t\t\t\t\t\t<li class=\"elementor-icon-list-item\">\n\t\t\t\t\t\t\t\t\t\t\t<span class=\"elementor-icon-list-icon\">\n\t\t\t\t\t\t\t<svg xmlns=\"http:\/\/www.w3.org\/2000\/svg\" xmlns:xlink=\"http:\/\/www.w3.org\/1999\/xlink\" id=\"Layer_1\" data-name=\"Layer 1\" viewbox=\"0 0 94.97 138.98\"><defs><style>      .cls-1 {        fill: url(#linear-gradient);      }    <\/style><lineargradient id=\"linear-gradient\" x1=\"0\" y1=\"69.49\" x2=\"94.97\" y2=\"69.49\" gradientunits=\"userSpaceOnUse\"><stop offset=\"0\" stop-color=\"#c2922c\"><\/stop><stop offset=\".27\" stop-color=\"#e7cb89\"><\/stop><stop offset=\".49\" stop-color=\"#ffebba\"><\/stop><stop offset=\".75\" stop-color=\"#e7cb89\"><\/stop><stop offset=\"1\" stop-color=\"#c2922c\"><\/stop><\/lineargradient><\/defs><path class=\"cls-1\" d=\"M66.74,76.66l3.26,7.36,24.97-24.98v-10.62l-28.23,28.23ZM80.05,106.71l14.92-14.93v-10.62l-18.18,18.19,3.26,7.36ZM28.38,0v20.99l28.85,65.19-3.1,3.05L28.38,31.03v17.79l20.3,45.9-3.07,3.12-17.24-38.96v20.96l10.78,24.37L0,138.98s46.83-26.15,63.93-25.16c4.75.28,8.62,3.86,8.62,8.62,0,1.43-.35,2.78-.97,3.97.6-.22,5.01-1.92,6.41-5.03,2.41-5.4-2.61-14.87-3.05-16.03-.35-.92-33.81-76.55-46.55-105.34ZM75.03,95.37l19.95-19.95v-10.62s-23.21,23.21-23.21,23.21l3.26,7.36Z\"><\/path><\/svg>\t\t\t\t\t\t<\/span>\n\t\t\t\t\t\t\t\t\t\t<span class=\"elementor-icon-list-text\">Tax Return<\/span>\n\t\t\t\t\t\t\t\t\t<\/li>\n\t\t\t\t\t\t\t\t<li class=\"elementor-icon-list-item\">\n\t\t\t\t\t\t\t\t\t\t\t<span class=\"elementor-icon-list-icon\">\n\t\t\t\t\t\t\t<svg xmlns=\"http:\/\/www.w3.org\/2000\/svg\" xmlns:xlink=\"http:\/\/www.w3.org\/1999\/xlink\" id=\"Layer_1\" data-name=\"Layer 1\" viewbox=\"0 0 94.97 138.98\"><defs><style>      .cls-1 {        fill: url(#linear-gradient);      }    <\/style><lineargradient id=\"linear-gradient\" x1=\"0\" y1=\"69.49\" x2=\"94.97\" y2=\"69.49\" gradientunits=\"userSpaceOnUse\"><stop offset=\"0\" stop-color=\"#c2922c\"><\/stop><stop offset=\".27\" stop-color=\"#e7cb89\"><\/stop><stop offset=\".49\" stop-color=\"#ffebba\"><\/stop><stop offset=\".75\" stop-color=\"#e7cb89\"><\/stop><stop offset=\"1\" stop-color=\"#c2922c\"><\/stop><\/lineargradient><\/defs><path class=\"cls-1\" d=\"M66.74,76.66l3.26,7.36,24.97-24.98v-10.62l-28.23,28.23ZM80.05,106.71l14.92-14.93v-10.62l-18.18,18.19,3.26,7.36ZM28.38,0v20.99l28.85,65.19-3.1,3.05L28.38,31.03v17.79l20.3,45.9-3.07,3.12-17.24-38.96v20.96l10.78,24.37L0,138.98s46.83-26.15,63.93-25.16c4.75.28,8.62,3.86,8.62,8.62,0,1.43-.35,2.78-.97,3.97.6-.22,5.01-1.92,6.41-5.03,2.41-5.4-2.61-14.87-3.05-16.03-.35-.92-33.81-76.55-46.55-105.34ZM75.03,95.37l19.95-19.95v-10.62s-23.21,23.21-23.21,23.21l3.26,7.36Z\"><\/path><\/svg>\t\t\t\t\t\t<\/span>\n\t\t\t\t\t\t\t\t\t\t<span class=\"elementor-icon-list-text\">DCBE<\/span>\n\t\t\t\t\t\t\t\t\t<\/li>\n\t\t\t\t\t\t\t\t<li class=\"elementor-icon-list-item\">\n\t\t\t\t\t\t\t\t\t\t\t<span class=\"elementor-icon-list-icon\">\n\t\t\t\t\t\t\t<svg xmlns=\"http:\/\/www.w3.org\/2000\/svg\" xmlns:xlink=\"http:\/\/www.w3.org\/1999\/xlink\" id=\"Layer_1\" data-name=\"Layer 1\" viewbox=\"0 0 94.97 138.98\"><defs><style>      .cls-1 {        fill: url(#linear-gradient);      }    <\/style><lineargradient id=\"linear-gradient\" x1=\"0\" y1=\"69.49\" x2=\"94.97\" y2=\"69.49\" gradientunits=\"userSpaceOnUse\"><stop offset=\"0\" stop-color=\"#c2922c\"><\/stop><stop offset=\".27\" stop-color=\"#e7cb89\"><\/stop><stop offset=\".49\" stop-color=\"#ffebba\"><\/stop><stop offset=\".75\" stop-color=\"#e7cb89\"><\/stop><stop offset=\"1\" stop-color=\"#c2922c\"><\/stop><\/lineargradient><\/defs><path class=\"cls-1\" d=\"M66.74,76.66l3.26,7.36,24.97-24.98v-10.62l-28.23,28.23ZM80.05,106.71l14.92-14.93v-10.62l-18.18,18.19,3.26,7.36ZM28.38,0v20.99l28.85,65.19-3.1,3.05L28.38,31.03v17.79l20.3,45.9-3.07,3.12-17.24-38.96v20.96l10.78,24.37L0,138.98s46.83-26.15,63.93-25.16c4.75.28,8.62,3.86,8.62,8.62,0,1.43-.35,2.78-.97,3.97.6-.22,5.01-1.92,6.41-5.03,2.41-5.4-2.61-14.87-3.05-16.03-.35-.92-33.81-76.55-46.55-105.34ZM75.03,95.37l19.95-19.95v-10.62s-23.21,23.21-23.21,23.21l3.26,7.36Z\"><\/path><\/svg>\t\t\t\t\t\t<\/span>\n\t\t\t\t\t\t\t\t\t\t<span class=\"elementor-icon-list-text\">IRRF<\/span>\n\t\t\t\t\t\t\t\t\t<\/li>\n\t\t\t\t\t\t\t\t<li class=\"elementor-icon-list-item\">\n\t\t\t\t\t\t\t\t\t\t\t<span class=\"elementor-icon-list-icon\">\n\t\t\t\t\t\t\t<svg xmlns=\"http:\/\/www.w3.org\/2000\/svg\" xmlns:xlink=\"http:\/\/www.w3.org\/1999\/xlink\" id=\"Layer_1\" data-name=\"Layer 1\" viewbox=\"0 0 94.97 138.98\"><defs><style>      .cls-1 {        fill: url(#linear-gradient);      }    <\/style><lineargradient id=\"linear-gradient\" x1=\"0\" y1=\"69.49\" x2=\"94.97\" y2=\"69.49\" gradientunits=\"userSpaceOnUse\"><stop offset=\"0\" stop-color=\"#c2922c\"><\/stop><stop offset=\".27\" stop-color=\"#e7cb89\"><\/stop><stop offset=\".49\" stop-color=\"#ffebba\"><\/stop><stop offset=\".75\" stop-color=\"#e7cb89\"><\/stop><stop offset=\"1\" stop-color=\"#c2922c\"><\/stop><\/lineargradient><\/defs><path class=\"cls-1\" d=\"M66.74,76.66l3.26,7.36,24.97-24.98v-10.62l-28.23,28.23ZM80.05,106.71l14.92-14.93v-10.62l-18.18,18.19,3.26,7.36ZM28.38,0v20.99l28.85,65.19-3.1,3.05L28.38,31.03v17.79l20.3,45.9-3.07,3.12-17.24-38.96v20.96l10.78,24.37L0,138.98s46.83-26.15,63.93-25.16c4.75.28,8.62,3.86,8.62,8.62,0,1.43-.35,2.78-.97,3.97.6-.22,5.01-1.92,6.41-5.03,2.41-5.4-2.61-14.87-3.05-16.03-.35-.92-33.81-76.55-46.55-105.34ZM75.03,95.37l19.95-19.95v-10.62s-23.21,23.21-23.21,23.21l3.26,7.36Z\"><\/path><\/svg>\t\t\t\t\t\t<\/span>\n\t\t\t\t\t\t\t\t\t\t<span class=\"elementor-icon-list-text\">Quit Claim Deed<\/span>\n\t\t\t\t\t\t\t\t\t<\/li>\n\t\t\t\t\t\t\t\t<li class=\"elementor-icon-list-item\">\n\t\t\t\t\t\t\t\t\t\t\t<span class=\"elementor-icon-list-icon\">\n\t\t\t\t\t\t\t<svg xmlns=\"http:\/\/www.w3.org\/2000\/svg\" xmlns:xlink=\"http:\/\/www.w3.org\/1999\/xlink\" id=\"Layer_1\" data-name=\"Layer 1\" viewbox=\"0 0 94.97 138.98\"><defs><style>      .cls-1 {        fill: url(#linear-gradient);      }    <\/style><lineargradient id=\"linear-gradient\" x1=\"0\" y1=\"69.49\" x2=\"94.97\" y2=\"69.49\" gradientunits=\"userSpaceOnUse\"><stop offset=\"0\" stop-color=\"#c2922c\"><\/stop><stop offset=\".27\" stop-color=\"#e7cb89\"><\/stop><stop offset=\".49\" stop-color=\"#ffebba\"><\/stop><stop offset=\".75\" stop-color=\"#e7cb89\"><\/stop><stop offset=\"1\" stop-color=\"#c2922c\"><\/stop><\/lineargradient><\/defs><path class=\"cls-1\" d=\"M66.74,76.66l3.26,7.36,24.97-24.98v-10.62l-28.23,28.23ZM80.05,106.71l14.92-14.93v-10.62l-18.18,18.19,3.26,7.36ZM28.38,0v20.99l28.85,65.19-3.1,3.05L28.38,31.03v17.79l20.3,45.9-3.07,3.12-17.24-38.96v20.96l10.78,24.37L0,138.98s46.83-26.15,63.93-25.16c4.75.28,8.62,3.86,8.62,8.62,0,1.43-.35,2.78-.97,3.97.6-.22,5.01-1.92,6.41-5.03,2.41-5.4-2.61-14.87-3.05-16.03-.35-.92-33.81-76.55-46.55-105.34ZM75.03,95.37l19.95-19.95v-10.62s-23.21,23.21-23.21,23.21l3.26,7.36Z\"><\/path><\/svg>\t\t\t\t\t\t<\/span>\n\t\t\t\t\t\t\t\t\t\t<span class=\"elementor-icon-list-text\">B-12 Search<\/span>\n\t\t\t\t\t\t\t\t\t<\/li>\n\t\t\t\t\t\t\t\t<li class=\"elementor-icon-list-item\">\n\t\t\t\t\t\t\t\t\t\t\t<span class=\"elementor-icon-list-icon\">\n\t\t\t\t\t\t\t<svg xmlns=\"http:\/\/www.w3.org\/2000\/svg\" xmlns:xlink=\"http:\/\/www.w3.org\/1999\/xlink\" id=\"Layer_1\" data-name=\"Layer 1\" viewbox=\"0 0 94.97 138.98\"><defs><style>      .cls-1 {        fill: url(#linear-gradient);      }    <\/style><lineargradient id=\"linear-gradient\" x1=\"0\" y1=\"69.49\" x2=\"94.97\" y2=\"69.49\" gradientunits=\"userSpaceOnUse\"><stop offset=\"0\" stop-color=\"#c2922c\"><\/stop><stop offset=\".27\" stop-color=\"#e7cb89\"><\/stop><stop offset=\".49\" stop-color=\"#ffebba\"><\/stop><stop offset=\".75\" stop-color=\"#e7cb89\"><\/stop><stop offset=\"1\" stop-color=\"#c2922c\"><\/stop><\/lineargradient><\/defs><path class=\"cls-1\" d=\"M66.74,76.66l3.26,7.36,24.97-24.98v-10.62l-28.23,28.23ZM80.05,106.71l14.92-14.93v-10.62l-18.18,18.19,3.26,7.36ZM28.38,0v20.99l28.85,65.19-3.1,3.05L28.38,31.03v17.79l20.3,45.9-3.07,3.12-17.24-38.96v20.96l10.78,24.37L0,138.98s46.83-26.15,63.93-25.16c4.75.28,8.62,3.86,8.62,8.62,0,1.43-.35,2.78-.97,3.97.6-.22,5.01-1.92,6.41-5.03,2.41-5.4-2.61-14.87-3.05-16.03-.35-.92-33.81-76.55-46.55-105.34ZM75.03,95.37l19.95-19.95v-10.62s-23.21,23.21-23.21,23.21l3.26,7.36Z\"><\/path><\/svg>\t\t\t\t\t\t<\/span>\n\t\t\t\t\t\t\t\t\t\t<span class=\"elementor-icon-list-text\">Report BOI (Beneficial Ownership Information)<\/span>\n\t\t\t\t\t\t\t\t\t<\/li>\n\t\t\t\t\t\t\t\t<li class=\"elementor-icon-list-item\">\n\t\t\t\t\t\t\t\t\t\t\t<span class=\"elementor-icon-list-icon\">\n\t\t\t\t\t\t\t<svg xmlns=\"http:\/\/www.w3.org\/2000\/svg\" xmlns:xlink=\"http:\/\/www.w3.org\/1999\/xlink\" id=\"Layer_1\" data-name=\"Layer 1\" viewbox=\"0 0 94.97 138.98\"><defs><style>      .cls-1 {        fill: url(#linear-gradient);      }    <\/style><lineargradient id=\"linear-gradient\" x1=\"0\" y1=\"69.49\" x2=\"94.97\" y2=\"69.49\" gradientunits=\"userSpaceOnUse\"><stop offset=\"0\" stop-color=\"#c2922c\"><\/stop><stop offset=\".27\" stop-color=\"#e7cb89\"><\/stop><stop offset=\".49\" stop-color=\"#ffebba\"><\/stop><stop offset=\".75\" stop-color=\"#e7cb89\"><\/stop><stop offset=\"1\" stop-color=\"#c2922c\"><\/stop><\/lineargradient><\/defs><path class=\"cls-1\" d=\"M66.74,76.66l3.26,7.36,24.97-24.98v-10.62l-28.23,28.23ZM80.05,106.71l14.92-14.93v-10.62l-18.18,18.19,3.26,7.36ZM28.38,0v20.99l28.85,65.19-3.1,3.05L28.38,31.03v17.79l20.3,45.9-3.07,3.12-17.24-38.96v20.96l10.78,24.37L0,138.98s46.83-26.15,63.93-25.16c4.75.28,8.62,3.86,8.62,8.62,0,1.43-.35,2.78-.97,3.97.6-.22,5.01-1.92,6.41-5.03,2.41-5.4-2.61-14.87-3.05-16.03-.35-.92-33.81-76.55-46.55-105.34ZM75.03,95.37l19.95-19.95v-10.62s-23.21,23.21-23.21,23.21l3.26,7.36Z\"><\/path><\/svg>\t\t\t\t\t\t<\/span>\n\t\t\t\t\t\t\t\t\t\t<span class=\"elementor-icon-list-text\">Final exit<\/span>\n\t\t\t\t\t\t\t\t\t<\/li>\n\t\t\t\t\t\t<\/ul>\n\t\t\t\t\t\t<\/div>\n\t\t\t\t<\/div>\n\t\t\t\t<\/div>\n\t\t<div class=\"elementor-element elementor-element-853dffc e-con-full e-flex e-con e-child\" data-id=\"853dffc\" data-element_type=\"container\" data-e-type=\"container\">\n\t\t\t\t<div class=\"elementor-element elementor-element-7f46a3f elementor-widget elementor-widget-text-editor\" data-id=\"7f46a3f\" data-element_type=\"widget\" data-e-type=\"widget\" data-widget_type=\"text-editor.default\">\n\t\t\t\t<div class=\"elementor-widget-container\">\n\t\t\t\t\t\t\t\t\t<p class=\"translation-block\"><strong>LTC<\/strong> stands out in providing <strong>Accounting and Tax<\/strong> services and analyses, covering several crucial areas for its clients.<\/p><p class=\"translation-block\">Among the main services offered, the following stand out: Balance Sheet preparation, analysis and submission of the <strong>IRRF<\/strong> (Brazilian income tax return), as well as the delivery of the <strong>DCBE<\/strong> (Declaration of Brazilian Capital Abroad) for investors who have capital equal to or greater than USD $1,000,000.00 in their CPF or CNPJ.<\/p><p class=\"translation-block\">In relation to the obligations in American territory, we highlight the preparation and delivery of the <strong>Tax Return<\/strong>\u00a0(Income tax declaration \u2013 USA), in addition to the <strong>B-12 and <strong>Report BOI<\/strong> (Beneficial Ownership Information).<\/p><p class=\"translation-block\"><strong>LTC<\/strong> stands out for its solid commitment and excellence, for a reliable partnership in management and reporting to Government Bodies, aiming at the efficiency of accounting and tax aspects for its clients.<\/p>\t\t\t\t\t\t\t\t<\/div>\n\t\t\t\t<\/div>\n\t\t\t\t<\/div>\n\t\t\t\t\t<\/div>\n\t\t\t\t<\/div>\n\t\t\t\t<\/div>","protected":false},"excerpt":{"rendered":"<p>SERVI\u00c7OS E AN\u00c1LISES DA \u00c1REA CONT\u00c1BIL &amp; FISCAL Balan\u00e7o Patrimonial Tax Return DCBE IRRF Quit Claim Deed Pesquisa B-12 Report BOI (Beneficial Ownership Information) Sa\u00edda Definitiva A LTC destaca-se na presta\u00e7\u00e3o de servi\u00e7os e an\u00e1lises Cont\u00e1beis e Fiscais, abrangendo diversas \u00e1reas cruciais para seus clientes. Dentre os principais servi\u00e7os oferecidos, evidenciam-se o Balan\u00e7o Patrimonial, an\u00e1lises [&hellip;]<\/p>\n","protected":false},"author":1,"featured_media":0,"parent":0,"menu_order":0,"comment_status":"closed","ping_status":"closed","template":"elementor_header_footer","meta":{"footnotes":""},"class_list":["post-23","page","type-page","status-publish","hentry"],"_links":{"self":[{"href":"https:\/\/ltcgroup.com.br\/en\/wp-json\/wp\/v2\/pages\/23","targetHints":{"allow":["GET"]}}],"collection":[{"href":"https:\/\/ltcgroup.com.br\/en\/wp-json\/wp\/v2\/pages"}],"about":[{"href":"https:\/\/ltcgroup.com.br\/en\/wp-json\/wp\/v2\/types\/page"}],"author":[{"embeddable":true,"href":"https:\/\/ltcgroup.com.br\/en\/wp-json\/wp\/v2\/users\/1"}],"replies":[{"embeddable":true,"href":"https:\/\/ltcgroup.com.br\/en\/wp-json\/wp\/v2\/comments?post=23"}],"version-history":[{"count":62,"href":"https:\/\/ltcgroup.com.br\/en\/wp-json\/wp\/v2\/pages\/23\/revisions"}],"predecessor-version":[{"id":2031,"href":"https:\/\/ltcgroup.com.br\/en\/wp-json\/wp\/v2\/pages\/23\/revisions\/2031"}],"wp:attachment":[{"href":"https:\/\/ltcgroup.com.br\/en\/wp-json\/wp\/v2\/media?parent=23"}],"curies":[{"name":"wp","href":"https:\/\/api.w.org\/{rel}","templated":true}]}}