{"id":21,"date":"2024-10-16T12:58:55","date_gmt":"2024-10-16T15:58:55","guid":{"rendered":"http:\/\/ltcgroup1.hospedagemdesites.ws\/?page_id=21"},"modified":"2024-12-09T11:08:08","modified_gmt":"2024-12-09T14:08:08","slug":"aberturas-e-manutencao-de-estruturas-internacionais","status":"publish","type":"page","link":"https:\/\/ltcgroup.com.br\/en\/aberturas-e-manutencao-de-estruturas-internacionais\/","title":{"rendered":"Openings and Maintenance of International Structures"},"content":{"rendered":"<div data-elementor-type=\"wp-page\" data-elementor-id=\"21\" class=\"elementor elementor-21\" data-elementor-post-type=\"page\">\n\t\t\t\t<div class=\"elementor-element elementor-element-e4fc5b9 e-flex e-con-boxed e-con e-parent\" data-id=\"e4fc5b9\" data-element_type=\"container\" data-e-type=\"container\" data-settings=\"{&quot;background_background&quot;:&quot;classic&quot;}\">\n\t\t\t\t\t<div class=\"e-con-inner\">\n\t\t<div class=\"elementor-element elementor-element-b58bdbd e-con-full e-flex e-con e-child\" data-id=\"b58bdbd\" data-element_type=\"container\" data-e-type=\"container\">\n\t\t\t\t<div class=\"elementor-element elementor-element-ed38736 elementor-widget elementor-widget-heading\" data-id=\"ed38736\" data-element_type=\"widget\" data-e-type=\"widget\" data-widget_type=\"heading.default\">\n\t\t\t\t<div class=\"elementor-widget-container\">\n\t\t\t\t\t<h1 class=\"elementor-heading-title elementor-size-default\">OPENING AND MAINTENANCE OF INTERNATIONAL STRUCTURES<\/h1>\t\t\t\t<\/div>\n\t\t\t\t<\/div>\n\t\t\t\t<\/div>\n\t\t\t\t\t<\/div>\n\t\t\t\t<\/div>\n\t\t<div class=\"elementor-element elementor-element-f58c44c e-flex e-con-boxed e-con e-parent\" data-id=\"f58c44c\" data-element_type=\"container\" data-e-type=\"container\">\n\t\t\t\t\t<div class=\"e-con-inner\">\n\t\t<div class=\"elementor-element elementor-element-a4769e1 e-con-full e-flex e-con e-child\" data-id=\"a4769e1\" data-element_type=\"container\" data-e-type=\"container\">\n\t\t\t\t<div class=\"elementor-element elementor-element-58092fa elementor-widget elementor-widget-text-editor\" data-id=\"58092fa\" data-element_type=\"widget\" data-e-type=\"widget\" data-widget_type=\"text-editor.default\">\n\t\t\t\t<div class=\"elementor-widget-container\">\n\t\t\t\t\t\t\t\t\t<p class=\"translation-block\"><strong>LTC International Business Solution<\/strong> has a dedicated <strong>Wealth Planning<\/strong> and <strong>Onboarding<\/strong> sector focused on providing strategies for Estate, Tax, and Succession Planning. Our <strong>Wealth Planning<\/strong> team consists of highly qualified legal specialists who conduct case studies and develop strategies tailored to the specific needs presented in both national and international contexts. Our work is carried out in a personalized manner through appropriate legal advisory and counseling suited to each client's situation.<\/p>\t\t\t\t\t\t\t\t<\/div>\n\t\t\t\t<\/div>\n\t\t\t\t<div class=\"elementor-element elementor-element-b664ca7 elementor-icon-list--layout-traditional elementor-list-item-link-full_width elementor-widget elementor-widget-icon-list\" data-id=\"b664ca7\" data-element_type=\"widget\" data-e-type=\"widget\" data-widget_type=\"icon-list.default\">\n\t\t\t\t<div class=\"elementor-widget-container\">\n\t\t\t\t\t\t\t<ul class=\"elementor-icon-list-items\">\n\t\t\t\t\t\t\t<li class=\"elementor-icon-list-item\">\n\t\t\t\t\t\t\t\t\t\t\t<span class=\"elementor-icon-list-icon\">\n\t\t\t\t\t\t\t<svg xmlns=\"http:\/\/www.w3.org\/2000\/svg\" id=\"Layer_1\" viewbox=\"0 0 104.1 152.3\"><defs><style> .st0 { fill: #00071b; } <\/style><\/defs><path class=\"st0\" d=\"M87.7,117l16.4-16.4v-11.6l-19.9,19.9,3.6,8.1ZM31.1,0v23l31.6,71.5-3.4,3.3-28.2-63.8v19.5l22.3,50.3-3.4,3.4-18.9-42.7v23l11.8,26.7L0,152.3s51.3-28.7,70.1-27.6c5.2.3,9.4,4.2,9.4,9.4s-.4,3.1-1.1,4.4c.7-.2,5.5-2.1,7-5.5,2.6-5.9-2.9-16.3-3.3-17.6C81.8,114.5,45.1,31.6,31.1,0M73.2,84l3.6,8.1,27.4-27.4v-11.6l-30.9,31h0ZM82.2,104.5l21.9-21.9v-11.6l-25.4,25.4,3.6,8.1h0Z\"><\/path><\/svg>\t\t\t\t\t\t<\/span>\n\t\t\t\t\t\t\t\t\t\t<span class=\"elementor-icon-list-text\">Estate Planning<\/span>\n\t\t\t\t\t\t\t\t\t<\/li>\n\t\t\t\t\t\t\t\t<li class=\"elementor-icon-list-item\">\n\t\t\t\t\t\t\t\t\t\t\t<span class=\"elementor-icon-list-icon\">\n\t\t\t\t\t\t\t<svg xmlns=\"http:\/\/www.w3.org\/2000\/svg\" id=\"Layer_1\" viewbox=\"0 0 104.1 152.3\"><defs><style> .st0 { fill: #00071b; } <\/style><\/defs><path class=\"st0\" d=\"M87.7,117l16.4-16.4v-11.6l-19.9,19.9,3.6,8.1ZM31.1,0v23l31.6,71.5-3.4,3.3-28.2-63.8v19.5l22.3,50.3-3.4,3.4-18.9-42.7v23l11.8,26.7L0,152.3s51.3-28.7,70.1-27.6c5.2.3,9.4,4.2,9.4,9.4s-.4,3.1-1.1,4.4c.7-.2,5.5-2.1,7-5.5,2.6-5.9-2.9-16.3-3.3-17.6C81.8,114.5,45.1,31.6,31.1,0M73.2,84l3.6,8.1,27.4-27.4v-11.6l-30.9,31h0ZM82.2,104.5l21.9-21.9v-11.6l-25.4,25.4,3.6,8.1h0Z\"><\/path><\/svg>\t\t\t\t\t\t<\/span>\n\t\t\t\t\t\t\t\t\t\t<span class=\"elementor-icon-list-text\">Succession Planning<\/span>\n\t\t\t\t\t\t\t\t\t<\/li>\n\t\t\t\t\t\t\t\t<li class=\"elementor-icon-list-item\">\n\t\t\t\t\t\t\t\t\t\t\t<span class=\"elementor-icon-list-icon\">\n\t\t\t\t\t\t\t<svg xmlns=\"http:\/\/www.w3.org\/2000\/svg\" id=\"Layer_1\" viewbox=\"0 0 104.1 152.3\"><defs><style> .st0 { fill: #00071b; } <\/style><\/defs><path class=\"st0\" d=\"M87.7,117l16.4-16.4v-11.6l-19.9,19.9,3.6,8.1ZM31.1,0v23l31.6,71.5-3.4,3.3-28.2-63.8v19.5l22.3,50.3-3.4,3.4-18.9-42.7v23l11.8,26.7L0,152.3s51.3-28.7,70.1-27.6c5.2.3,9.4,4.2,9.4,9.4s-.4,3.1-1.1,4.4c.7-.2,5.5-2.1,7-5.5,2.6-5.9-2.9-16.3-3.3-17.6C81.8,114.5,45.1,31.6,31.1,0M73.2,84l3.6,8.1,27.4-27.4v-11.6l-30.9,31h0ZM82.2,104.5l21.9-21.9v-11.6l-25.4,25.4,3.6,8.1h0Z\"><\/path><\/svg>\t\t\t\t\t\t<\/span>\n\t\t\t\t\t\t\t\t\t\t<span class=\"elementor-icon-list-text\">International Tax Planning<\/span>\n\t\t\t\t\t\t\t\t\t<\/li>\n\t\t\t\t\t\t\t\t<li class=\"elementor-icon-list-item\">\n\t\t\t\t\t\t\t\t\t\t\t<span class=\"elementor-icon-list-icon\">\n\t\t\t\t\t\t\t<svg xmlns=\"http:\/\/www.w3.org\/2000\/svg\" id=\"Layer_1\" viewbox=\"0 0 104.1 152.3\"><defs><style> .st0 { fill: #00071b; } <\/style><\/defs><path class=\"st0\" d=\"M87.7,117l16.4-16.4v-11.6l-19.9,19.9,3.6,8.1ZM31.1,0v23l31.6,71.5-3.4,3.3-28.2-63.8v19.5l22.3,50.3-3.4,3.4-18.9-42.7v23l11.8,26.7L0,152.3s51.3-28.7,70.1-27.6c5.2.3,9.4,4.2,9.4,9.4s-.4,3.1-1.1,4.4c.7-.2,5.5-2.1,7-5.5,2.6-5.9-2.9-16.3-3.3-17.6C81.8,114.5,45.1,31.6,31.1,0M73.2,84l3.6,8.1,27.4-27.4v-11.6l-30.9,31h0ZM82.2,104.5l21.9-21.9v-11.6l-25.4,25.4,3.6,8.1h0Z\"><\/path><\/svg>\t\t\t\t\t\t<\/span>\n\t\t\t\t\t\t\t\t\t\t<span class=\"elementor-icon-list-text\">International Consulting<\/span>\n\t\t\t\t\t\t\t\t\t<\/li>\n\t\t\t\t\t\t\t\t<li class=\"elementor-icon-list-item\">\n\t\t\t\t\t\t\t\t\t\t\t<span class=\"elementor-icon-list-icon\">\n\t\t\t\t\t\t\t<svg xmlns=\"http:\/\/www.w3.org\/2000\/svg\" id=\"Layer_1\" viewbox=\"0 0 104.1 152.3\"><defs><style> .st0 { fill: #00071b; } <\/style><\/defs><path class=\"st0\" d=\"M87.7,117l16.4-16.4v-11.6l-19.9,19.9,3.6,8.1ZM31.1,0v23l31.6,71.5-3.4,3.3-28.2-63.8v19.5l22.3,50.3-3.4,3.4-18.9-42.7v23l11.8,26.7L0,152.3s51.3-28.7,70.1-27.6c5.2.3,9.4,4.2,9.4,9.4s-.4,3.1-1.1,4.4c.7-.2,5.5-2.1,7-5.5,2.6-5.9-2.9-16.3-3.3-17.6C81.8,114.5,45.1,31.6,31.1,0M73.2,84l3.6,8.1,27.4-27.4v-11.6l-30.9,31h0ZM82.2,104.5l21.9-21.9v-11.6l-25.4,25.4,3.6,8.1h0Z\"><\/path><\/svg>\t\t\t\t\t\t<\/span>\n\t\t\t\t\t\t\t\t\t\t<span class=\"elementor-icon-list-text\">Strategies for allocating international investments<\/span>\n\t\t\t\t\t\t\t\t\t<\/li>\n\t\t\t\t\t\t\t\t<li class=\"elementor-icon-list-item\">\n\t\t\t\t\t\t\t\t\t\t\t<span class=\"elementor-icon-list-icon\">\n\t\t\t\t\t\t\t<svg xmlns=\"http:\/\/www.w3.org\/2000\/svg\" id=\"Layer_1\" viewbox=\"0 0 104.1 152.3\"><defs><style> .st0 { fill: #00071b; } <\/style><\/defs><path class=\"st0\" d=\"M87.7,117l16.4-16.4v-11.6l-19.9,19.9,3.6,8.1ZM31.1,0v23l31.6,71.5-3.4,3.3-28.2-63.8v19.5l22.3,50.3-3.4,3.4-18.9-42.7v23l11.8,26.7L0,152.3s51.3-28.7,70.1-27.6c5.2.3,9.4,4.2,9.4,9.4s-.4,3.1-1.1,4.4c.7-.2,5.5-2.1,7-5.5,2.6-5.9-2.9-16.3-3.3-17.6C81.8,114.5,45.1,31.6,31.1,0M73.2,84l3.6,8.1,27.4-27.4v-11.6l-30.9,31h0ZM82.2,104.5l21.9-21.9v-11.6l-25.4,25.4,3.6,8.1h0Z\"><\/path><\/svg>\t\t\t\t\t\t<\/span>\n\t\t\t\t\t\t\t\t\t\t<span class=\"elementor-icon-list-text\">Compliance &amp; Due Diligence<\/span>\n\t\t\t\t\t\t\t\t\t<\/li>\n\t\t\t\t\t\t\t\t<li class=\"elementor-icon-list-item\">\n\t\t\t\t\t\t\t\t\t\t\t<span class=\"elementor-icon-list-icon\">\n\t\t\t\t\t\t\t<svg xmlns=\"http:\/\/www.w3.org\/2000\/svg\" id=\"Layer_1\" viewbox=\"0 0 104.1 152.3\"><defs><style> .st0 { fill: #00071b; } <\/style><\/defs><path class=\"st0\" d=\"M87.7,117l16.4-16.4v-11.6l-19.9,19.9,3.6,8.1ZM31.1,0v23l31.6,71.5-3.4,3.3-28.2-63.8v19.5l22.3,50.3-3.4,3.4-18.9-42.7v23l11.8,26.7L0,152.3s51.3-28.7,70.1-27.6c5.2.3,9.4,4.2,9.4,9.4s-.4,3.1-1.1,4.4c.7-.2,5.5-2.1,7-5.5,2.6-5.9-2.9-16.3-3.3-17.6C81.8,114.5,45.1,31.6,31.1,0M73.2,84l3.6,8.1,27.4-27.4v-11.6l-30.9,31h0ZM82.2,104.5l21.9-21.9v-11.6l-25.4,25.4,3.6,8.1h0Z\"><\/path><\/svg>\t\t\t\t\t\t<\/span>\n\t\t\t\t\t\t\t\t\t\t<span class=\"elementor-icon-list-text\">Elabora\u00e7\u00e3o de M&amp;A<\/span>\n\t\t\t\t\t\t\t\t\t<\/li>\n\t\t\t\t\t\t\t\t<li class=\"elementor-icon-list-item\">\n\t\t\t\t\t\t\t\t\t\t\t<span class=\"elementor-icon-list-icon\">\n\t\t\t\t\t\t\t<svg xmlns=\"http:\/\/www.w3.org\/2000\/svg\" id=\"Layer_1\" viewbox=\"0 0 104.1 152.3\"><defs><style> .st0 { fill: #00071b; } <\/style><\/defs><path class=\"st0\" d=\"M87.7,117l16.4-16.4v-11.6l-19.9,19.9,3.6,8.1ZM31.1,0v23l31.6,71.5-3.4,3.3-28.2-63.8v19.5l22.3,50.3-3.4,3.4-18.9-42.7v23l11.8,26.7L0,152.3s51.3-28.7,70.1-27.6c5.2.3,9.4,4.2,9.4,9.4s-.4,3.1-1.1,4.4c.7-.2,5.5-2.1,7-5.5,2.6-5.9-2.9-16.3-3.3-17.6C81.8,114.5,45.1,31.6,31.1,0M73.2,84l3.6,8.1,27.4-27.4v-11.6l-30.9,31h0ZM82.2,104.5l21.9-21.9v-11.6l-25.4,25.4,3.6,8.1h0Z\"><\/path><\/svg>\t\t\t\t\t\t<\/span>\n\t\t\t\t\t\t\t\t\t\t<span class=\"elementor-icon-list-text\">Registration of Vessels and Aircraft<\/span>\n\t\t\t\t\t\t\t\t\t<\/li>\n\t\t\t\t\t\t\t\t<li class=\"elementor-icon-list-item\">\n\t\t\t\t\t\t\t\t\t\t\t<span class=\"elementor-icon-list-icon\">\n\t\t\t\t\t\t\t<svg xmlns=\"http:\/\/www.w3.org\/2000\/svg\" id=\"Layer_1\" viewbox=\"0 0 104.1 152.3\"><defs><style> .st0 { fill: #00071b; } <\/style><\/defs><path class=\"st0\" d=\"M87.7,117l16.4-16.4v-11.6l-19.9,19.9,3.6,8.1ZM31.1,0v23l31.6,71.5-3.4,3.3-28.2-63.8v19.5l22.3,50.3-3.4,3.4-18.9-42.7v23l11.8,26.7L0,152.3s51.3-28.7,70.1-27.6c5.2.3,9.4,4.2,9.4,9.4s-.4,3.1-1.1,4.4c.7-.2,5.5-2.1,7-5.5,2.6-5.9-2.9-16.3-3.3-17.6C81.8,114.5,45.1,31.6,31.1,0M73.2,84l3.6,8.1,27.4-27.4v-11.6l-30.9,31h0ZM82.2,104.5l21.9-21.9v-11.6l-25.4,25.4,3.6,8.1h0Z\"><\/path><\/svg>\t\t\t\t\t\t<\/span>\n\t\t\t\t\t\t\t\t\t\t<span class=\"elementor-icon-list-text\">Redomiciliation of companies<\/span>\n\t\t\t\t\t\t\t\t\t<\/li>\n\t\t\t\t\t\t\t\t<li class=\"elementor-icon-list-item\">\n\t\t\t\t\t\t\t\t\t\t\t<span class=\"elementor-icon-list-icon\">\n\t\t\t\t\t\t\t<svg xmlns=\"http:\/\/www.w3.org\/2000\/svg\" id=\"Layer_1\" viewbox=\"0 0 104.1 152.3\"><defs><style> .st0 { fill: #00071b; } <\/style><\/defs><path class=\"st0\" d=\"M87.7,117l16.4-16.4v-11.6l-19.9,19.9,3.6,8.1ZM31.1,0v23l31.6,71.5-3.4,3.3-28.2-63.8v19.5l22.3,50.3-3.4,3.4-18.9-42.7v23l11.8,26.7L0,152.3s51.3-28.7,70.1-27.6c5.2.3,9.4,4.2,9.4,9.4s-.4,3.1-1.1,4.4c.7-.2,5.5-2.1,7-5.5,2.6-5.9-2.9-16.3-3.3-17.6C81.8,114.5,45.1,31.6,31.1,0M73.2,84l3.6,8.1,27.4-27.4v-11.6l-30.9,31h0ZM82.2,104.5l21.9-21.9v-11.6l-25.4,25.4,3.6,8.1h0Z\"><\/path><\/svg>\t\t\t\t\t\t<\/span>\n\t\t\t\t\t\t\t\t\t\t<span class=\"elementor-icon-list-text\">Document Translation and Apostille Services<\/span>\n\t\t\t\t\t\t\t\t\t<\/li>\n\t\t\t\t\t\t\t\t<li class=\"elementor-icon-list-item\">\n\t\t\t\t\t\t\t\t\t\t\t<span class=\"elementor-icon-list-icon\">\n\t\t\t\t\t\t\t<svg xmlns=\"http:\/\/www.w3.org\/2000\/svg\" id=\"Layer_1\" viewbox=\"0 0 104.1 152.3\"><defs><style> .st0 { fill: #00071b; } <\/style><\/defs><path class=\"st0\" d=\"M87.7,117l16.4-16.4v-11.6l-19.9,19.9,3.6,8.1ZM31.1,0v23l31.6,71.5-3.4,3.3-28.2-63.8v19.5l22.3,50.3-3.4,3.4-18.9-42.7v23l11.8,26.7L0,152.3s51.3-28.7,70.1-27.6c5.2.3,9.4,4.2,9.4,9.4s-.4,3.1-1.1,4.4c.7-.2,5.5-2.1,7-5.5,2.6-5.9-2.9-16.3-3.3-17.6C81.8,114.5,45.1,31.6,31.1,0M73.2,84l3.6,8.1,27.4-27.4v-11.6l-30.9,31h0ZM82.2,104.5l21.9-21.9v-11.6l-25.4,25.4,3.6,8.1h0Z\"><\/path><\/svg>\t\t\t\t\t\t<\/span>\n\t\t\t\t\t\t\t\t\t\t<span class=\"elementor-icon-list-text\">Professional Board Services<\/span>\n\t\t\t\t\t\t\t\t\t<\/li>\n\t\t\t\t\t\t\t\t<li class=\"elementor-icon-list-item\">\n\t\t\t\t\t\t\t\t\t\t\t<span class=\"elementor-icon-list-icon\">\n\t\t\t\t\t\t\t<svg xmlns=\"http:\/\/www.w3.org\/2000\/svg\" id=\"Layer_1\" viewbox=\"0 0 104.1 152.3\"><defs><style> .st0 { fill: #00071b; } <\/style><\/defs><path class=\"st0\" d=\"M87.7,117l16.4-16.4v-11.6l-19.9,19.9,3.6,8.1ZM31.1,0v23l31.6,71.5-3.4,3.3-28.2-63.8v19.5l22.3,50.3-3.4,3.4-18.9-42.7v23l11.8,26.7L0,152.3s51.3-28.7,70.1-27.6c5.2.3,9.4,4.2,9.4,9.4s-.4,3.1-1.1,4.4c.7-.2,5.5-2.1,7-5.5,2.6-5.9-2.9-16.3-3.3-17.6C81.8,114.5,45.1,31.6,31.1,0M73.2,84l3.6,8.1,27.4-27.4v-11.6l-30.9,31h0ZM82.2,104.5l21.9-21.9v-11.6l-25.4,25.4,3.6,8.1h0Z\"><\/path><\/svg>\t\t\t\t\t\t<\/span>\n\t\t\t\t\t\t\t\t\t\t<span class=\"elementor-icon-list-text\">Transfers and Business Administration<\/span>\n\t\t\t\t\t\t\t\t\t<\/li>\n\t\t\t\t\t\t\t\t<li class=\"elementor-icon-list-item\">\n\t\t\t\t\t\t\t\t\t\t\t<span class=\"elementor-icon-list-icon\">\n\t\t\t\t\t\t\t<svg xmlns=\"http:\/\/www.w3.org\/2000\/svg\" id=\"Layer_1\" viewbox=\"0 0 104.1 152.3\"><defs><style> .st0 { fill: #00071b; } <\/style><\/defs><path class=\"st0\" d=\"M87.7,117l16.4-16.4v-11.6l-19.9,19.9,3.6,8.1ZM31.1,0v23l31.6,71.5-3.4,3.3-28.2-63.8v19.5l22.3,50.3-3.4,3.4-18.9-42.7v23l11.8,26.7L0,152.3s51.3-28.7,70.1-27.6c5.2.3,9.4,4.2,9.4,9.4s-.4,3.1-1.1,4.4c.7-.2,5.5-2.1,7-5.5,2.6-5.9-2.9-16.3-3.3-17.6C81.8,114.5,45.1,31.6,31.1,0M73.2,84l3.6,8.1,27.4-27.4v-11.6l-30.9,31h0ZM82.2,104.5l21.9-21.9v-11.6l-25.4,25.4,3.6,8.1h0Z\"><\/path><\/svg>\t\t\t\t\t\t<\/span>\n\t\t\t\t\t\t\t\t\t\t<span class=\"elementor-icon-list-text\">Company Liquidation<\/span>\n\t\t\t\t\t\t\t\t\t<\/li>\n\t\t\t\t\t\t\t\t<li class=\"elementor-icon-list-item\">\n\t\t\t\t\t\t\t\t\t\t\t<span class=\"elementor-icon-list-icon\">\n\t\t\t\t\t\t\t<svg xmlns=\"http:\/\/www.w3.org\/2000\/svg\" id=\"Layer_1\" viewbox=\"0 0 104.1 152.3\"><defs><style> .st0 { fill: #00071b; } <\/style><\/defs><path class=\"st0\" d=\"M87.7,117l16.4-16.4v-11.6l-19.9,19.9,3.6,8.1ZM31.1,0v23l31.6,71.5-3.4,3.3-28.2-63.8v19.5l22.3,50.3-3.4,3.4-18.9-42.7v23l11.8,26.7L0,152.3s51.3-28.7,70.1-27.6c5.2.3,9.4,4.2,9.4,9.4s-.4,3.1-1.1,4.4c.7-.2,5.5-2.1,7-5.5,2.6-5.9-2.9-16.3-3.3-17.6C81.8,114.5,45.1,31.6,31.1,0M73.2,84l3.6,8.1,27.4-27.4v-11.6l-30.9,31h0ZM82.2,104.5l21.9-21.9v-11.6l-25.4,25.4,3.6,8.1h0Z\"><\/path><\/svg>\t\t\t\t\t\t<\/span>\n\t\t\t\t\t\t\t\t\t\t<span class=\"elementor-icon-list-text\">Obtaining Foreign Nationality<\/span>\n\t\t\t\t\t\t\t\t\t<\/li>\n\t\t\t\t\t\t\t\t<li class=\"elementor-icon-list-item\">\n\t\t\t\t\t\t\t\t\t\t\t<span class=\"elementor-icon-list-icon\">\n\t\t\t\t\t\t\t<svg xmlns=\"http:\/\/www.w3.org\/2000\/svg\" id=\"Layer_1\" viewbox=\"0 0 104.1 152.3\"><defs><style> .st0 { fill: #00071b; } <\/style><\/defs><path class=\"st0\" d=\"M87.7,117l16.4-16.4v-11.6l-19.9,19.9,3.6,8.1ZM31.1,0v23l31.6,71.5-3.4,3.3-28.2-63.8v19.5l22.3,50.3-3.4,3.4-18.9-42.7v23l11.8,26.7L0,152.3s51.3-28.7,70.1-27.6c5.2.3,9.4,4.2,9.4,9.4s-.4,3.1-1.1,4.4c.7-.2,5.5-2.1,7-5.5,2.6-5.9-2.9-16.3-3.3-17.6C81.8,114.5,45.1,31.6,31.1,0M73.2,84l3.6,8.1,27.4-27.4v-11.6l-30.9,31h0ZM82.2,104.5l21.9-21.9v-11.6l-25.4,25.4,3.6,8.1h0Z\"><\/path><\/svg>\t\t\t\t\t\t<\/span>\n\t\t\t\t\t\t\t\t\t\t<span class=\"elementor-icon-list-text\">Opening and Maintaining International Companies, Trusts and Investment Funds<\/span>\n\t\t\t\t\t\t\t\t\t<\/li>\n\t\t\t\t\t\t<\/ul>\n\t\t\t\t\t\t<\/div>\n\t\t\t\t<\/div>\n\t\t\t\t<\/div>\n\t\t<div class=\"elementor-element elementor-element-039878a e-con-full elementor-hidden-tablet elementor-hidden-mobile e-flex e-con e-child\" data-id=\"039878a\" data-element_type=\"container\" data-e-type=\"container\">\n\t\t\t\t<\/div>\n\t\t\t\t\t<\/div>\n\t\t\t\t<\/div>\n\t\t\t\t<\/div>","protected":false},"excerpt":{"rendered":"<p>Abertura e manuten\u00e7\u00e3o de estruturas internacionais A LTC International Business Solution possui o setor de Wealth Planning e Onboarding dedicado a oferecer estrat\u00e9gias para Planejamento Patrimonial, Tribut\u00e1rio e Sucess\u00f3rio. Nosso time Wealth Planning conta com especialistas jur\u00eddicos altamente qualificados para estudo de caso e desenvolvimento de estrat\u00e9gias voltadas para cada especificidade apresentada no cen\u00e1rio nacional [&hellip;]<\/p>\n","protected":false},"author":1,"featured_media":0,"parent":0,"menu_order":0,"comment_status":"closed","ping_status":"closed","template":"elementor_header_footer","meta":{"footnotes":""},"class_list":["post-21","page","type-page","status-publish","hentry"],"_links":{"self":[{"href":"https:\/\/ltcgroup.com.br\/en\/wp-json\/wp\/v2\/pages\/21","targetHints":{"allow":["GET"]}}],"collection":[{"href":"https:\/\/ltcgroup.com.br\/en\/wp-json\/wp\/v2\/pages"}],"about":[{"href":"https:\/\/ltcgroup.com.br\/en\/wp-json\/wp\/v2\/types\/page"}],"author":[{"embeddable":true,"href":"https:\/\/ltcgroup.com.br\/en\/wp-json\/wp\/v2\/users\/1"}],"replies":[{"embeddable":true,"href":"https:\/\/ltcgroup.com.br\/en\/wp-json\/wp\/v2\/comments?post=21"}],"version-history":[{"count":140,"href":"https:\/\/ltcgroup.com.br\/en\/wp-json\/wp\/v2\/pages\/21\/revisions"}],"predecessor-version":[{"id":1539,"href":"https:\/\/ltcgroup.com.br\/en\/wp-json\/wp\/v2\/pages\/21\/revisions\/1539"}],"wp:attachment":[{"href":"https:\/\/ltcgroup.com.br\/en\/wp-json\/wp\/v2\/media?parent=21"}],"curies":[{"name":"wp","href":"https:\/\/api.w.org\/{rel}","templated":true}]}}