{"id":1996,"date":"2025-12-10T08:56:56","date_gmt":"2025-12-10T11:56:56","guid":{"rendered":"https:\/\/ltcgroup.com.br\/?page_id=1996"},"modified":"2025-12-11T10:21:28","modified_gmt":"2025-12-11T13:21:28","slug":"assessoria-e-gestao-estrategica-em-comex","status":"publish","type":"page","link":"https:\/\/ltcgroup.com.br\/en\/assessoria-e-gestao-estrategica-em-comex\/","title":{"rendered":"Advisory and Strategic Management in COMEX"},"content":{"rendered":"<div data-elementor-type=\"wp-page\" data-elementor-id=\"1996\" class=\"elementor elementor-1996\" data-elementor-post-type=\"page\">\n\t\t\t\t<div class=\"elementor-element elementor-element-fdfb2da e-flex e-con-boxed e-con e-parent\" data-id=\"fdfb2da\" data-element_type=\"container\" data-e-type=\"container\" data-settings=\"{&quot;background_background&quot;:&quot;classic&quot;}\">\n\t\t\t\t\t<div class=\"e-con-inner\">\n\t\t<div class=\"elementor-element elementor-element-9302f46 e-con-full e-flex e-con e-child\" data-id=\"9302f46\" data-element_type=\"container\" data-e-type=\"container\">\n\t\t\t\t<div class=\"elementor-element elementor-element-7cf04e2 elementor-widget elementor-widget-heading\" data-id=\"7cf04e2\" data-element_type=\"widget\" data-e-type=\"widget\" data-widget_type=\"heading.default\">\n\t\t\t\t<div class=\"elementor-widget-container\">\n\t\t\t\t\t<h1 class=\"elementor-heading-title elementor-size-default\">Advisory and Strategic Management in COMEX<\/h1>\t\t\t\t<\/div>\n\t\t\t\t<\/div>\n\t\t\t\t<\/div>\n\t\t\t\t\t<\/div>\n\t\t\t\t<\/div>\n\t\t<div class=\"elementor-element elementor-element-24d8edb e-flex e-con-boxed e-con e-parent\" data-id=\"24d8edb\" data-element_type=\"container\" data-e-type=\"container\">\n\t\t\t\t\t<div class=\"e-con-inner\">\n\t\t<div class=\"elementor-element elementor-element-477e6bc e-con-full e-flex e-con e-child\" data-id=\"477e6bc\" data-element_type=\"container\" data-e-type=\"container\" data-settings=\"{&quot;background_background&quot;:&quot;classic&quot;}\">\n\t\t\t\t<div class=\"elementor-element elementor-element-5caede7 elementor-icon-list--layout-traditional elementor-list-item-link-full_width elementor-widget elementor-widget-icon-list\" data-id=\"5caede7\" data-element_type=\"widget\" data-e-type=\"widget\" data-widget_type=\"icon-list.default\">\n\t\t\t\t<div class=\"elementor-widget-container\">\n\t\t\t\t\t\t\t<ul class=\"elementor-icon-list-items\">\n\t\t\t\t\t\t\t<li class=\"elementor-icon-list-item\">\n\t\t\t\t\t\t\t\t\t\t\t<span class=\"elementor-icon-list-icon\">\n\t\t\t\t\t\t\t<svg xmlns=\"http:\/\/www.w3.org\/2000\/svg\" xmlns:xlink=\"http:\/\/www.w3.org\/1999\/xlink\" id=\"Layer_1\" data-name=\"Layer 1\" viewbox=\"0 0 94.97 138.98\"><defs><style>      .cls-1 {        fill: url(#linear-gradient);      }    <\/style><lineargradient id=\"linear-gradient\" x1=\"0\" y1=\"69.49\" x2=\"94.97\" y2=\"69.49\" gradientunits=\"userSpaceOnUse\"><stop offset=\"0\" stop-color=\"#c2922c\"><\/stop><stop offset=\".27\" stop-color=\"#e7cb89\"><\/stop><stop offset=\".49\" stop-color=\"#ffebba\"><\/stop><stop offset=\".75\" stop-color=\"#e7cb89\"><\/stop><stop offset=\"1\" stop-color=\"#c2922c\"><\/stop><\/lineargradient><\/defs><path class=\"cls-1\" d=\"M66.74,76.66l3.26,7.36,24.97-24.98v-10.62l-28.23,28.23ZM80.05,106.71l14.92-14.93v-10.62l-18.18,18.19,3.26,7.36ZM28.38,0v20.99l28.85,65.19-3.1,3.05L28.38,31.03v17.79l20.3,45.9-3.07,3.12-17.24-38.96v20.96l10.78,24.37L0,138.98s46.83-26.15,63.93-25.16c4.75.28,8.62,3.86,8.62,8.62,0,1.43-.35,2.78-.97,3.97.6-.22,5.01-1.92,6.41-5.03,2.41-5.4-2.61-14.87-3.05-16.03-.35-.92-33.81-76.55-46.55-105.34ZM75.03,95.37l19.95-19.95v-10.62s-23.21,23.21-23.21,23.21l3.26,7.36Z\"><\/path><\/svg>\t\t\t\t\t\t<\/span>\n\t\t\t\t\t\t\t\t\t\t<span class=\"elementor-icon-list-text\">RADAR<\/span>\n\t\t\t\t\t\t\t\t\t<\/li>\n\t\t\t\t\t\t\t\t<li class=\"elementor-icon-list-item\">\n\t\t\t\t\t\t\t\t\t\t\t<span class=\"elementor-icon-list-icon\">\n\t\t\t\t\t\t\t<svg xmlns=\"http:\/\/www.w3.org\/2000\/svg\" xmlns:xlink=\"http:\/\/www.w3.org\/1999\/xlink\" id=\"Layer_1\" data-name=\"Layer 1\" viewbox=\"0 0 94.97 138.98\"><defs><style>      .cls-1 {        fill: url(#linear-gradient);      }    <\/style><lineargradient id=\"linear-gradient\" x1=\"0\" y1=\"69.49\" x2=\"94.97\" y2=\"69.49\" gradientunits=\"userSpaceOnUse\"><stop offset=\"0\" stop-color=\"#c2922c\"><\/stop><stop offset=\".27\" stop-color=\"#e7cb89\"><\/stop><stop offset=\".49\" stop-color=\"#ffebba\"><\/stop><stop offset=\".75\" stop-color=\"#e7cb89\"><\/stop><stop offset=\"1\" stop-color=\"#c2922c\"><\/stop><\/lineargradient><\/defs><path class=\"cls-1\" d=\"M66.74,76.66l3.26,7.36,24.97-24.98v-10.62l-28.23,28.23ZM80.05,106.71l14.92-14.93v-10.62l-18.18,18.19,3.26,7.36ZM28.38,0v20.99l28.85,65.19-3.1,3.05L28.38,31.03v17.79l20.3,45.9-3.07,3.12-17.24-38.96v20.96l10.78,24.37L0,138.98s46.83-26.15,63.93-25.16c4.75.28,8.62,3.86,8.62,8.62,0,1.43-.35,2.78-.97,3.97.6-.22,5.01-1.92,6.41-5.03,2.41-5.4-2.61-14.87-3.05-16.03-.35-.92-33.81-76.55-46.55-105.34ZM75.03,95.37l19.95-19.95v-10.62s-23.21,23.21-23.21,23.21l3.26,7.36Z\"><\/path><\/svg>\t\t\t\t\t\t<\/span>\n\t\t\t\t\t\t\t\t\t\t<span class=\"elementor-icon-list-text\">Import by Bill and Order and Parcel<\/span>\n\t\t\t\t\t\t\t\t\t<\/li>\n\t\t\t\t\t\t\t\t<li class=\"elementor-icon-list-item\">\n\t\t\t\t\t\t\t\t\t\t\t<span class=\"elementor-icon-list-icon\">\n\t\t\t\t\t\t\t<svg xmlns=\"http:\/\/www.w3.org\/2000\/svg\" xmlns:xlink=\"http:\/\/www.w3.org\/1999\/xlink\" id=\"Layer_1\" data-name=\"Layer 1\" viewbox=\"0 0 94.97 138.98\"><defs><style>      .cls-1 {        fill: url(#linear-gradient);      }    <\/style><lineargradient id=\"linear-gradient\" x1=\"0\" y1=\"69.49\" x2=\"94.97\" y2=\"69.49\" gradientunits=\"userSpaceOnUse\"><stop offset=\"0\" stop-color=\"#c2922c\"><\/stop><stop offset=\".27\" stop-color=\"#e7cb89\"><\/stop><stop offset=\".49\" stop-color=\"#ffebba\"><\/stop><stop offset=\".75\" stop-color=\"#e7cb89\"><\/stop><stop offset=\"1\" stop-color=\"#c2922c\"><\/stop><\/lineargradient><\/defs><path class=\"cls-1\" d=\"M66.74,76.66l3.26,7.36,24.97-24.98v-10.62l-28.23,28.23ZM80.05,106.71l14.92-14.93v-10.62l-18.18,18.19,3.26,7.36ZM28.38,0v20.99l28.85,65.19-3.1,3.05L28.38,31.03v17.79l20.3,45.9-3.07,3.12-17.24-38.96v20.96l10.78,24.37L0,138.98s46.83-26.15,63.93-25.16c4.75.28,8.62,3.86,8.62,8.62,0,1.43-.35,2.78-.97,3.97.6-.22,5.01-1.92,6.41-5.03,2.41-5.4-2.61-14.87-3.05-16.03-.35-.92-33.81-76.55-46.55-105.34ZM75.03,95.37l19.95-19.95v-10.62s-23.21,23.21-23.21,23.21l3.26,7.36Z\"><\/path><\/svg>\t\t\t\t\t\t<\/span>\n\t\t\t\t\t\t\t\t\t\t<span class=\"elementor-icon-list-text\">Special Customs Regimes (Drawback \u2013 Temporary Admission \u2013 Temporary Export)<\/span>\n\t\t\t\t\t\t\t\t\t<\/li>\n\t\t\t\t\t\t\t\t<li class=\"elementor-icon-list-item\">\n\t\t\t\t\t\t\t\t\t\t\t<span class=\"elementor-icon-list-icon\">\n\t\t\t\t\t\t\t<svg xmlns=\"http:\/\/www.w3.org\/2000\/svg\" xmlns:xlink=\"http:\/\/www.w3.org\/1999\/xlink\" id=\"Layer_1\" data-name=\"Layer 1\" viewbox=\"0 0 94.97 138.98\"><defs><style>      .cls-1 {        fill: url(#linear-gradient);      }    <\/style><lineargradient id=\"linear-gradient\" x1=\"0\" y1=\"69.49\" x2=\"94.97\" y2=\"69.49\" gradientunits=\"userSpaceOnUse\"><stop offset=\"0\" stop-color=\"#c2922c\"><\/stop><stop offset=\".27\" stop-color=\"#e7cb89\"><\/stop><stop offset=\".49\" stop-color=\"#ffebba\"><\/stop><stop offset=\".75\" stop-color=\"#e7cb89\"><\/stop><stop offset=\"1\" stop-color=\"#c2922c\"><\/stop><\/lineargradient><\/defs><path class=\"cls-1\" d=\"M66.74,76.66l3.26,7.36,24.97-24.98v-10.62l-28.23,28.23ZM80.05,106.71l14.92-14.93v-10.62l-18.18,18.19,3.26,7.36ZM28.38,0v20.99l28.85,65.19-3.1,3.05L28.38,31.03v17.79l20.3,45.9-3.07,3.12-17.24-38.96v20.96l10.78,24.37L0,138.98s46.83-26.15,63.93-25.16c4.75.28,8.62,3.86,8.62,8.62,0,1.43-.35,2.78-.97,3.97.6-.22,5.01-1.92,6.41-5.03,2.41-5.4-2.61-14.87-3.05-16.03-.35-.92-33.81-76.55-46.55-105.34ZM75.03,95.37l19.95-19.95v-10.62s-23.21,23.21-23.21,23.21l3.26,7.36Z\"><\/path><\/svg>\t\t\t\t\t\t<\/span>\n\t\t\t\t\t\t\t\t\t\t<span class=\"elementor-icon-list-text\">MAPA \u2013 ANVISA \u2013 INMETRO Licenses<\/span>\n\t\t\t\t\t\t\t\t\t<\/li>\n\t\t\t\t\t\t\t\t<li class=\"elementor-icon-list-item\">\n\t\t\t\t\t\t\t\t\t\t\t<span class=\"elementor-icon-list-icon\">\n\t\t\t\t\t\t\t<svg xmlns=\"http:\/\/www.w3.org\/2000\/svg\" xmlns:xlink=\"http:\/\/www.w3.org\/1999\/xlink\" id=\"Layer_1\" data-name=\"Layer 1\" viewbox=\"0 0 94.97 138.98\"><defs><style>      .cls-1 {        fill: url(#linear-gradient);      }    <\/style><lineargradient id=\"linear-gradient\" x1=\"0\" y1=\"69.49\" x2=\"94.97\" y2=\"69.49\" gradientunits=\"userSpaceOnUse\"><stop offset=\"0\" stop-color=\"#c2922c\"><\/stop><stop offset=\".27\" stop-color=\"#e7cb89\"><\/stop><stop offset=\".49\" stop-color=\"#ffebba\"><\/stop><stop offset=\".75\" stop-color=\"#e7cb89\"><\/stop><stop offset=\"1\" stop-color=\"#c2922c\"><\/stop><\/lineargradient><\/defs><path class=\"cls-1\" d=\"M66.74,76.66l3.26,7.36,24.97-24.98v-10.62l-28.23,28.23ZM80.05,106.71l14.92-14.93v-10.62l-18.18,18.19,3.26,7.36ZM28.38,0v20.99l28.85,65.19-3.1,3.05L28.38,31.03v17.79l20.3,45.9-3.07,3.12-17.24-38.96v20.96l10.78,24.37L0,138.98s46.83-26.15,63.93-25.16c4.75.28,8.62,3.86,8.62,8.62,0,1.43-.35,2.78-.97,3.97.6-.22,5.01-1.92,6.41-5.03,2.41-5.4-2.61-14.87-3.05-16.03-.35-.92-33.81-76.55-46.55-105.34ZM75.03,95.37l19.95-19.95v-10.62s-23.21,23.21-23.21,23.21l3.26,7.36Z\"><\/path><\/svg>\t\t\t\t\t\t<\/span>\n\t\t\t\t\t\t\t\t\t\t<span class=\"elementor-icon-list-text\">Customs Broker Services<\/span>\n\t\t\t\t\t\t\t\t\t<\/li>\n\t\t\t\t\t\t\t\t<li class=\"elementor-icon-list-item\">\n\t\t\t\t\t\t\t\t\t\t\t<span class=\"elementor-icon-list-icon\">\n\t\t\t\t\t\t\t<svg xmlns=\"http:\/\/www.w3.org\/2000\/svg\" xmlns:xlink=\"http:\/\/www.w3.org\/1999\/xlink\" id=\"Layer_1\" data-name=\"Layer 1\" viewbox=\"0 0 94.97 138.98\"><defs><style>      .cls-1 {        fill: url(#linear-gradient);      }    <\/style><lineargradient id=\"linear-gradient\" x1=\"0\" y1=\"69.49\" x2=\"94.97\" y2=\"69.49\" gradientunits=\"userSpaceOnUse\"><stop offset=\"0\" stop-color=\"#c2922c\"><\/stop><stop offset=\".27\" stop-color=\"#e7cb89\"><\/stop><stop offset=\".49\" stop-color=\"#ffebba\"><\/stop><stop offset=\".75\" stop-color=\"#e7cb89\"><\/stop><stop offset=\"1\" stop-color=\"#c2922c\"><\/stop><\/lineargradient><\/defs><path class=\"cls-1\" d=\"M66.74,76.66l3.26,7.36,24.97-24.98v-10.62l-28.23,28.23ZM80.05,106.71l14.92-14.93v-10.62l-18.18,18.19,3.26,7.36ZM28.38,0v20.99l28.85,65.19-3.1,3.05L28.38,31.03v17.79l20.3,45.9-3.07,3.12-17.24-38.96v20.96l10.78,24.37L0,138.98s46.83-26.15,63.93-25.16c4.75.28,8.62,3.86,8.62,8.62,0,1.43-.35,2.78-.97,3.97.6-.22,5.01-1.92,6.41-5.03,2.41-5.4-2.61-14.87-3.05-16.03-.35-.92-33.81-76.55-46.55-105.34ZM75.03,95.37l19.95-19.95v-10.62s-23.21,23.21-23.21,23.21l3.26,7.36Z\"><\/path><\/svg>\t\t\t\t\t\t<\/span>\n\t\t\t\t\t\t\t\t\t\t<span class=\"elementor-icon-list-text\">Strategic Planning in COMEX<\/span>\n\t\t\t\t\t\t\t\t\t<\/li>\n\t\t\t\t\t\t\t\t<li class=\"elementor-icon-list-item\">\n\t\t\t\t\t\t\t\t\t\t\t<span class=\"elementor-icon-list-icon\">\n\t\t\t\t\t\t\t<svg xmlns=\"http:\/\/www.w3.org\/2000\/svg\" xmlns:xlink=\"http:\/\/www.w3.org\/1999\/xlink\" id=\"Layer_1\" data-name=\"Layer 1\" viewbox=\"0 0 94.97 138.98\"><defs><style>      .cls-1 {        fill: url(#linear-gradient);      }    <\/style><lineargradient id=\"linear-gradient\" x1=\"0\" y1=\"69.49\" x2=\"94.97\" y2=\"69.49\" gradientunits=\"userSpaceOnUse\"><stop offset=\"0\" stop-color=\"#c2922c\"><\/stop><stop offset=\".27\" stop-color=\"#e7cb89\"><\/stop><stop offset=\".49\" stop-color=\"#ffebba\"><\/stop><stop offset=\".75\" stop-color=\"#e7cb89\"><\/stop><stop offset=\"1\" stop-color=\"#c2922c\"><\/stop><\/lineargradient><\/defs><path class=\"cls-1\" d=\"M66.74,76.66l3.26,7.36,24.97-24.98v-10.62l-28.23,28.23ZM80.05,106.71l14.92-14.93v-10.62l-18.18,18.19,3.26,7.36ZM28.38,0v20.99l28.85,65.19-3.1,3.05L28.38,31.03v17.79l20.3,45.9-3.07,3.12-17.24-38.96v20.96l10.78,24.37L0,138.98s46.83-26.15,63.93-25.16c4.75.28,8.62,3.86,8.62,8.62,0,1.43-.35,2.78-.97,3.97.6-.22,5.01-1.92,6.41-5.03,2.41-5.4-2.61-14.87-3.05-16.03-.35-.92-33.81-76.55-46.55-105.34ZM75.03,95.37l19.95-19.95v-10.62s-23.21,23.21-23.21,23.21l3.26,7.36Z\"><\/path><\/svg>\t\t\t\t\t\t<\/span>\n\t\t\t\t\t\t\t\t\t\t<span class=\"elementor-icon-list-text\">Logistics Solutions for Inbound and Outbound<\/span>\n\t\t\t\t\t\t\t\t\t<\/li>\n\t\t\t\t\t\t<\/ul>\n\t\t\t\t\t\t<\/div>\n\t\t\t\t<\/div>\n\t\t\t\t<\/div>\n\t\t<div class=\"elementor-element elementor-element-9975e10 e-con-full e-flex e-con e-child\" data-id=\"9975e10\" data-element_type=\"container\" data-e-type=\"container\">\n\t\t\t\t<div class=\"elementor-element elementor-element-593a3d3 elementor-widget elementor-widget-text-editor\" data-id=\"593a3d3\" data-element_type=\"widget\" data-e-type=\"widget\" data-widget_type=\"text-editor.default\">\n\t\t\t\t<div class=\"elementor-widget-container\">\n\t\t\t\t\t\t\t\t\t<p>Our services cover not only the needs to comply with customs legislation for imports and exports, but mainly in the mapping and strategic elaboration of the entire export or import plan, ensuring quality and predictability in the application of customs rules, and mainly associating cost reduction strategies with these processes, whether through special customs regimes or state tax benefits that guarantee greater tax efficiency for the operation.<\/p><p>We also advise on all operational logistics needs for your business, whether international maritime or air logistics, as well as distribution in the national market. As leading strategic partners in the sector, we map and identify the best practices and costs for your logistics and storage.<\/p><p>We act in advance of your projects, creating models and executing Business Cases to identify opportunities and points for improvement. Ensuring greater efficiency and profitability of the operation.<\/p>\t\t\t\t\t\t\t\t<\/div>\n\t\t\t\t<\/div>\n\t\t\t\t<\/div>\n\t\t\t\t\t<\/div>\n\t\t\t\t<\/div>\n\t\t\t\t<\/div>","protected":false},"excerpt":{"rendered":"<p>Assessoria e Gest\u00e3o Estrat\u00e9gica em COMEX RADAR Importa\u00e7\u00e3o por Conta e Ordem e Encomenda Regimes Aduaneiros Especiais (Drawback \u2013 Admiss\u00e3o Tempor\u00e1ria \u2013 Exporta\u00e7\u00e3o Tempor\u00e1ria) Licen\u00e7as MAPA \u2013 ANVISA \u2013 INMETRO Servi\u00e7os de Despachante Aduaneiro Planejamento Estrat\u00e9gico em COMEX Solu\u00e7\u00f5es em Log\u00edstica para Inbound e Outbound Nossos servi\u00e7os abrangem n\u00e3o s\u00f3 as necessidades ao cumprimento da [&hellip;]<\/p>\n","protected":false},"author":1,"featured_media":0,"parent":0,"menu_order":0,"comment_status":"closed","ping_status":"closed","template":"","meta":{"footnotes":""},"class_list":["post-1996","page","type-page","status-publish","hentry"],"_links":{"self":[{"href":"https:\/\/ltcgroup.com.br\/en\/wp-json\/wp\/v2\/pages\/1996","targetHints":{"allow":["GET"]}}],"collection":[{"href":"https:\/\/ltcgroup.com.br\/en\/wp-json\/wp\/v2\/pages"}],"about":[{"href":"https:\/\/ltcgroup.com.br\/en\/wp-json\/wp\/v2\/types\/page"}],"author":[{"embeddable":true,"href":"https:\/\/ltcgroup.com.br\/en\/wp-json\/wp\/v2\/users\/1"}],"replies":[{"embeddable":true,"href":"https:\/\/ltcgroup.com.br\/en\/wp-json\/wp\/v2\/comments?post=1996"}],"version-history":[{"count":19,"href":"https:\/\/ltcgroup.com.br\/en\/wp-json\/wp\/v2\/pages\/1996\/revisions"}],"predecessor-version":[{"id":2020,"href":"https:\/\/ltcgroup.com.br\/en\/wp-json\/wp\/v2\/pages\/1996\/revisions\/2020"}],"wp:attachment":[{"href":"https:\/\/ltcgroup.com.br\/en\/wp-json\/wp\/v2\/media?parent=1996"}],"curies":[{"name":"wp","href":"https:\/\/api.w.org\/{rel}","templated":true}]}}