{"id":19,"date":"2024-10-16T12:58:41","date_gmt":"2024-10-16T15:58:41","guid":{"rendered":"http:\/\/ltcgroup1.hospedagemdesites.ws\/?page_id=19"},"modified":"2026-03-11T14:46:46","modified_gmt":"2026-03-11T17:46:46","slug":"quem-somos","status":"publish","type":"page","link":"https:\/\/ltcgroup.com.br\/en\/quem-somos\/","title":{"rendered":"About Us"},"content":{"rendered":"<div data-elementor-type=\"wp-page\" data-elementor-id=\"19\" class=\"elementor elementor-19\" data-elementor-post-type=\"page\">\n\t\t\t\t<div class=\"elementor-element elementor-element-6d972fd e-flex e-con-boxed e-con e-parent\" data-id=\"6d972fd\" data-element_type=\"container\" data-e-type=\"container\" data-settings=\"{&quot;background_background&quot;:&quot;classic&quot;}\">\n\t\t\t\t\t<div class=\"e-con-inner\">\n\t\t\t\t\t<\/div>\n\t\t\t\t<\/div>\n\t\t<div class=\"elementor-element elementor-element-ff3e499 e-flex e-con-boxed e-con e-parent\" data-id=\"ff3e499\" data-element_type=\"container\" data-e-type=\"container\" data-settings=\"{&quot;animation&quot;:&quot;none&quot;}\">\n\t\t\t\t\t<div class=\"e-con-inner\">\n\t\t<div class=\"elementor-element elementor-element-49ed8fd e-con-full e-flex e-con e-child\" data-id=\"49ed8fd\" data-element_type=\"container\" data-e-type=\"container\" data-settings=\"{&quot;background_background&quot;:&quot;classic&quot;}\">\n\t\t\t\t<div class=\"elementor-element elementor-element-0179496 elementor-widget elementor-widget-heading\" data-id=\"0179496\" data-element_type=\"widget\" data-e-type=\"widget\" data-widget_type=\"heading.default\">\n\t\t\t\t<div class=\"elementor-widget-container\">\n\t\t\t\t\t<h1 class=\"elementor-heading-title elementor-size-default\">QUEM\nSOMOS<\/h1>\t\t\t\t<\/div>\n\t\t\t\t<\/div>\n\t\t\t\t<\/div>\n\t\t<div class=\"elementor-element elementor-element-49d2360 e-con-full e-flex e-con e-child\" data-id=\"49d2360\" data-element_type=\"container\" data-e-type=\"container\">\n\t\t\t\t<div class=\"elementor-element elementor-element-83fdcbd elementor-widget elementor-widget-text-editor\" data-id=\"83fdcbd\" data-element_type=\"widget\" data-e-type=\"widget\" data-widget_type=\"text-editor.default\">\n\t\t\t\t<div class=\"elementor-widget-container\">\n\t\t\t\t\t\t\t\t\t<p class=\"translation-block\">We are a multi-jurisdictional and independent company, providing services to private and institutional clients. With extensive global experience within the field of activity, our main objective is to understand the needs of each investor, so that we can together outline the strategy to be developed aiming at preserving assets in the jurisdiction to be invested in and in the investor's country of tax domicile.<\/p><p class=\"translation-block\">Among our professionals we have lawyers, accountants, business administrators, and trust consultants, with deep experience obtained in professional activities related to companies, investment funds and family offices.<\/p><p><strong>Our Mission:<\/strong> To provide security and convenience in internationalization, recognizing and valuing each client's history.<\/p>\t\t\t\t\t\t\t\t<\/div>\n\t\t\t\t<\/div>\n\t\t\t\t<\/div>\n\t\t\t\t\t<\/div>\n\t\t\t\t<\/div>\n\t\t<div class=\"elementor-element elementor-element-f5567b2 e-flex e-con-boxed e-con e-parent\" data-id=\"f5567b2\" data-element_type=\"container\" data-e-type=\"container\" data-settings=\"{&quot;background_background&quot;:&quot;classic&quot;}\">\n\t\t\t\t\t<div class=\"e-con-inner\">\n\t\t<div class=\"elementor-element elementor-element-145a9c5 e-con-full e-flex e-con e-child\" data-id=\"145a9c5\" data-element_type=\"container\" data-e-type=\"container\">\n\t\t\t\t<div class=\"elementor-element elementor-element-3e94e94 elementor-widget elementor-widget-heading\" data-id=\"3e94e94\" data-element_type=\"widget\" data-e-type=\"widget\" data-widget_type=\"heading.default\">\n\t\t\t\t<div class=\"elementor-widget-container\">\n\t\t\t\t\t<h2 class=\"elementor-heading-title elementor-size-default\">Partners<\/h2>\t\t\t\t<\/div>\n\t\t\t\t<\/div>\n\t\t\t\t<\/div>\n\t\t<div class=\"elementor-element elementor-element-ffcecff e-grid e-con-full e-con e-child\" data-id=\"ffcecff\" data-element_type=\"container\" data-e-type=\"container\">\n\t\t\t\t<div class=\"elementor-element elementor-element-28e8a7d elementor-widget elementor-widget-image\" data-id=\"28e8a7d\" data-element_type=\"widget\" data-e-type=\"widget\" data-widget_type=\"image.default\">\n\t\t\t\t<div class=\"elementor-widget-container\">\n\t\t\t\t\t\t\t\t\t\t\t\t\t\t\t\t<a href=\"https:\/\/www.latitudeworld.com\/\" target=\"_blank\" rel=\"noopener\">\n\t\t\t\t\t\t\t<img fetchpriority=\"high\" decoding=\"async\" width=\"500\" height=\"294\" src=\"https:\/\/ltcgroup.com.br\/wp-content\/uploads\/2024\/11\/logo-latitude.png\" class=\"attachment-full size-full wp-image-1440\" alt=\"\" srcset=\"https:\/\/ltcgroup.com.br\/wp-content\/uploads\/2024\/11\/logo-latitude.png 500w, https:\/\/ltcgroup.com.br\/wp-content\/uploads\/2024\/11\/logo-latitude-300x176.png 300w, https:\/\/ltcgroup.com.br\/wp-content\/uploads\/2024\/11\/logo-latitude-18x12.png 18w\" sizes=\"(max-width: 500px) 100vw, 500px\" \/>\t\t\t\t\t\t\t\t<\/a>\n\t\t\t\t\t\t\t\t\t\t\t\t\t\t\t<\/div>\n\t\t\t\t<\/div>\n\t\t\t\t<div class=\"elementor-element elementor-element-52748dc elementor-widget elementor-widget-image\" data-id=\"52748dc\" data-element_type=\"widget\" data-e-type=\"widget\" data-widget_type=\"image.default\">\n\t\t\t\t<div class=\"elementor-widget-container\">\n\t\t\t\t\t\t\t\t\t\t\t\t\t\t\t\t<a href=\"https:\/\/www.studiolegalegiovannicatanzaro.it\/\" target=\"_blank\" rel=\"noopener\">\n\t\t\t\t\t\t\t<img decoding=\"async\" width=\"1250\" height=\"1250\" src=\"https:\/\/ltcgroup.com.br\/wp-content\/uploads\/2024\/11\/FB_Whatsapp_Linkedin-Profilo_blu-25.02.2023.png\" class=\"attachment-full size-full wp-image-1441\" alt=\"\" srcset=\"https:\/\/ltcgroup.com.br\/wp-content\/uploads\/2024\/11\/FB_Whatsapp_Linkedin-Profilo_blu-25.02.2023.png 1250w, https:\/\/ltcgroup.com.br\/wp-content\/uploads\/2024\/11\/FB_Whatsapp_Linkedin-Profilo_blu-25.02.2023-300x300.png 300w, https:\/\/ltcgroup.com.br\/wp-content\/uploads\/2024\/11\/FB_Whatsapp_Linkedin-Profilo_blu-25.02.2023-1024x1024.png 1024w, https:\/\/ltcgroup.com.br\/wp-content\/uploads\/2024\/11\/FB_Whatsapp_Linkedin-Profilo_blu-25.02.2023-150x150.png 150w, https:\/\/ltcgroup.com.br\/wp-content\/uploads\/2024\/11\/FB_Whatsapp_Linkedin-Profilo_blu-25.02.2023-768x768.png 768w, https:\/\/ltcgroup.com.br\/wp-content\/uploads\/2024\/11\/FB_Whatsapp_Linkedin-Profilo_blu-25.02.2023-12x12.png 12w\" sizes=\"(max-width: 1250px) 100vw, 1250px\" \/>\t\t\t\t\t\t\t\t<\/a>\n\t\t\t\t\t\t\t\t\t\t\t\t\t\t\t<\/div>\n\t\t\t\t<\/div>\n\t\t\t\t<div class=\"elementor-element elementor-element-a236018 elementor-widget elementor-widget-image\" data-id=\"a236018\" data-element_type=\"widget\" data-e-type=\"widget\" data-widget_type=\"image.default\">\n\t\t\t\t<div class=\"elementor-widget-container\">\n\t\t\t\t\t\t\t\t\t\t\t\t\t\t\t\t<a href=\"https:\/\/www.studiolegalegiovannicatanzaro.it\/\" target=\"_blank\" rel=\"noopener\">\n\t\t\t\t\t\t\t<img decoding=\"async\" width=\"2560\" height=\"748\" src=\"https:\/\/ltcgroup.com.br\/wp-content\/uploads\/2025\/10\/selo-associado-amcham-scaled.png\" class=\"attachment-full size-full wp-image-1965\" alt=\"\" srcset=\"https:\/\/ltcgroup.com.br\/wp-content\/uploads\/2025\/10\/selo-associado-amcham-scaled.png 2560w, https:\/\/ltcgroup.com.br\/wp-content\/uploads\/2025\/10\/selo-associado-amcham-300x88.png 300w, https:\/\/ltcgroup.com.br\/wp-content\/uploads\/2025\/10\/selo-associado-amcham-1024x299.png 1024w, https:\/\/ltcgroup.com.br\/wp-content\/uploads\/2025\/10\/selo-associado-amcham-768x224.png 768w, https:\/\/ltcgroup.com.br\/wp-content\/uploads\/2025\/10\/selo-associado-amcham-1536x449.png 1536w, https:\/\/ltcgroup.com.br\/wp-content\/uploads\/2025\/10\/selo-associado-amcham-2048x598.png 2048w, https:\/\/ltcgroup.com.br\/wp-content\/uploads\/2025\/10\/selo-associado-amcham-18x5.png 18w\" sizes=\"(max-width: 2560px) 100vw, 2560px\" \/>\t\t\t\t\t\t\t\t<\/a>\n\t\t\t\t\t\t\t\t\t\t\t\t\t\t\t<\/div>\n\t\t\t\t<\/div>\n\t\t\t\t<div class=\"elementor-element elementor-element-55f64a6 elementor-widget elementor-widget-image\" data-id=\"55f64a6\" data-element_type=\"widget\" data-e-type=\"widget\" data-widget_type=\"image.default\">\n\t\t\t\t<div class=\"elementor-widget-container\">\n\t\t\t\t\t\t\t\t\t\t\t\t\t\t\t\t<a href=\"https:\/\/www.studiolegalegiovannicatanzaro.it\/\" target=\"_blank\" rel=\"noopener\">\n\t\t\t\t\t\t\t<img loading=\"lazy\" decoding=\"async\" width=\"740\" height=\"158\" src=\"https:\/\/ltcgroup.com.br\/wp-content\/uploads\/2025\/10\/selo-associado-italcam.png\" class=\"attachment-full size-full wp-image-1966\" alt=\"\" srcset=\"https:\/\/ltcgroup.com.br\/wp-content\/uploads\/2025\/10\/selo-associado-italcam.png 740w, https:\/\/ltcgroup.com.br\/wp-content\/uploads\/2025\/10\/selo-associado-italcam-300x64.png 300w, https:\/\/ltcgroup.com.br\/wp-content\/uploads\/2025\/10\/selo-associado-italcam-18x4.png 18w\" sizes=\"(max-width: 740px) 100vw, 740px\" \/>\t\t\t\t\t\t\t\t<\/a>\n\t\t\t\t\t\t\t\t\t\t\t\t\t\t\t<\/div>\n\t\t\t\t<\/div>\n\t\t\t\t<div class=\"elementor-element elementor-element-048efcf elementor-widget elementor-widget-image\" data-id=\"048efcf\" data-element_type=\"widget\" data-e-type=\"widget\" data-widget_type=\"image.default\">\n\t\t\t\t<div class=\"elementor-widget-container\">\n\t\t\t\t\t\t\t\t\t\t\t\t\t\t\t\t<a href=\"https:\/\/www.studiolegalegiovannicatanzaro.it\/\" target=\"_blank\" rel=\"noopener\">\n\t\t\t\t\t\t\t<img loading=\"lazy\" decoding=\"async\" width=\"500\" height=\"241\" src=\"https:\/\/ltcgroup.com.br\/wp-content\/uploads\/2026\/03\/Selo-EC.png\" class=\"attachment-full size-full wp-image-2033\" alt=\"\" srcset=\"https:\/\/ltcgroup.com.br\/wp-content\/uploads\/2026\/03\/Selo-EC.png 500w, https:\/\/ltcgroup.com.br\/wp-content\/uploads\/2026\/03\/Selo-EC-300x145.png 300w, https:\/\/ltcgroup.com.br\/wp-content\/uploads\/2026\/03\/Selo-EC-18x9.png 18w\" sizes=\"(max-width: 500px) 100vw, 500px\" \/>\t\t\t\t\t\t\t\t<\/a>\n\t\t\t\t\t\t\t\t\t\t\t\t\t\t\t<\/div>\n\t\t\t\t<\/div>\n\t\t\t\t<\/div>\n\t\t\t\t\t<\/div>\n\t\t\t\t<\/div>\n\t\t\t\t<\/div>","protected":false},"excerpt":{"rendered":"<p>QUEM SOMOS Somos uma empresa multijurisdicional e independente, provedora de servi\u00e7os para clientes private e institucionais. Com vasta experi\u00eancia global dentro do ramo de atua\u00e7\u00e3o, nosso principal objetivo \u00e9 entender a necessidade de cada investidor, para a partir disso tra\u00e7armos juntos a estrat\u00e9gia a ser desenvolvida visando a preserva\u00e7\u00e3o patrimonial na jurisdi\u00e7\u00e3o a ser investida [&hellip;]<\/p>\n","protected":false},"author":1,"featured_media":0,"parent":0,"menu_order":0,"comment_status":"closed","ping_status":"closed","template":"elementor_header_footer","meta":{"footnotes":""},"class_list":["post-19","page","type-page","status-publish","hentry"],"_links":{"self":[{"href":"https:\/\/ltcgroup.com.br\/en\/wp-json\/wp\/v2\/pages\/19","targetHints":{"allow":["GET"]}}],"collection":[{"href":"https:\/\/ltcgroup.com.br\/en\/wp-json\/wp\/v2\/pages"}],"about":[{"href":"https:\/\/ltcgroup.com.br\/en\/wp-json\/wp\/v2\/types\/page"}],"author":[{"embeddable":true,"href":"https:\/\/ltcgroup.com.br\/en\/wp-json\/wp\/v2\/users\/1"}],"replies":[{"embeddable":true,"href":"https:\/\/ltcgroup.com.br\/en\/wp-json\/wp\/v2\/comments?post=19"}],"version-history":[{"count":67,"href":"https:\/\/ltcgroup.com.br\/en\/wp-json\/wp\/v2\/pages\/19\/revisions"}],"predecessor-version":[{"id":2036,"href":"https:\/\/ltcgroup.com.br\/en\/wp-json\/wp\/v2\/pages\/19\/revisions\/2036"}],"wp:attachment":[{"href":"https:\/\/ltcgroup.com.br\/en\/wp-json\/wp\/v2\/media?parent=19"}],"curies":[{"name":"wp","href":"https:\/\/api.w.org\/{rel}","templated":true}]}}